{"id":2268,"date":"2020-07-27T19:18:12","date_gmt":"2020-07-27T19:18:12","guid":{"rendered":"https:\/\/ampdigital.ca\/?page_id=2268"},"modified":"2022-02-18T13:29:50","modified_gmt":"2022-02-18T13:29:50","slug":"about-amp-digital","status":"publish","type":"page","link":"https:\/\/ampdigital.ca\/en\/about-amp-digital\/","title":{"rendered":"About AMP Digital"},"content":{"rendered":"\n<div class=\"wp-block-coblocks-media-card alignwide is-style-left is-stacked-on-mobile coblocks-media-card-121154625100\"><div class=\"wp-block-coblocks-media-card__inner has-no-padding\"><div class=\"wp-block-coblocks-media-card__wrapper\"><figure class=\"wp-block-coblocks-media-card__media has-shadow\"><img loading=\"lazy\" decoding=\"async\" width=\"2000\" height=\"1345\" src=\"https:\/\/ampdigital.ca\/wp-content\/uploads\/2020\/02\/rencontre-equipe-IMG_6539.jpg\" alt=\"\u00c9quipe AMP Digital rencontre de production\" class=\"wp-image-344\" srcset=\"https:\/\/ampdigital.ca\/wp-content\/uploads\/2020\/02\/rencontre-equipe-IMG_6539.jpg 2000w, https:\/\/ampdigital.ca\/wp-content\/uploads\/2020\/02\/rencontre-equipe-IMG_6539-600x404.jpg 600w, https:\/\/ampdigital.ca\/wp-content\/uploads\/2020\/02\/rencontre-equipe-IMG_6539-700x471.jpg 700w, https:\/\/ampdigital.ca\/wp-content\/uploads\/2020\/02\/rencontre-equipe-IMG_6539-768x516.jpg 768w, https:\/\/ampdigital.ca\/wp-content\/uploads\/2020\/02\/rencontre-equipe-IMG_6539-1536x1033.jpg 1536w\" sizes=\"auto, (max-width: 2000px) 100vw, 2000px\" \/><\/figure><div class=\"wp-block-coblocks-media-card__content has-shadow\">\n<div class=\"wp-block-coblocks-row coblocks-row-121154625147\" data-columns=\"1\" data-layout=\"100\"><div class=\"wp-block-coblocks-row__inner has-background has-padding has-huge-padding has-no-margin is-stacked-on-mobile has-medium-gutter\" style=\"background-color:#FFFFFF\">\n<div class=\"wp-block-coblocks-column coblocks-column-121154625164\" style=\"width:100%\"><div class=\"wp-block-coblocks-column__inner has-no-padding has-no-margin\">\n<h3 class=\"wp-block-heading\" id=\"an-experienced-team-ready-to-help-you-in-completing-your-project\">An experienced team ready to help you in completing your project<\/h3>\n\n\n\n<p class=\"wp-block-paragraph\">Our teams completed with success a lot of large projects, which allowed our clients to deliver in time, on budget and reach their goals!<\/p>\n<\/div><\/div>\n<\/div><\/div>\n<\/div><\/div><\/div><\/div>\n\n\n\n<div class=\"wp-block-coblocks-media-card alignwide is-style-right is-stacked-on-mobile coblocks-media-card-12115594720\"><div class=\"wp-block-coblocks-media-card__inner has-no-padding\"><div class=\"wp-block-coblocks-media-card__wrapper\"><figure class=\"wp-block-coblocks-media-card__media has-shadow\"><img loading=\"lazy\" decoding=\"async\" width=\"2000\" height=\"1333\" src=\"https:\/\/ampdigital.ca\/wp-content\/uploads\/2020\/02\/impression-digital-montreal-IMG_6552.jpg\" alt=\"Impression de banni\u00e8re grand format \u00e0 Montr\u00e9al\" class=\"wp-image-346\" srcset=\"https:\/\/ampdigital.ca\/wp-content\/uploads\/2020\/02\/impression-digital-montreal-IMG_6552.jpg 2000w, https:\/\/ampdigital.ca\/wp-content\/uploads\/2020\/02\/impression-digital-montreal-IMG_6552-600x400.jpg 600w, https:\/\/ampdigital.ca\/wp-content\/uploads\/2020\/02\/impression-digital-montreal-IMG_6552-700x467.jpg 700w, https:\/\/ampdigital.ca\/wp-content\/uploads\/2020\/02\/impression-digital-montreal-IMG_6552-768x512.jpg 768w, https:\/\/ampdigital.ca\/wp-content\/uploads\/2020\/02\/impression-digital-montreal-IMG_6552-1536x1024.jpg 1536w\" sizes=\"auto, (max-width: 2000px) 100vw, 2000px\" \/><\/figure><div class=\"wp-block-coblocks-media-card__content has-shadow\">\n<div class=\"wp-block-coblocks-row coblocks-row-12115594788\" data-columns=\"1\" data-layout=\"100\"><div class=\"wp-block-coblocks-row__inner has-background has-padding has-huge-padding has-no-margin is-stacked-on-mobile has-medium-gutter\" style=\"background-color:#FFFFFF\">\n<div class=\"wp-block-coblocks-column coblocks-column-121155947109\" style=\"width:100%\"><div class=\"wp-block-coblocks-column__inner has-no-padding has-no-margin\">\n<h3 class=\"wp-block-heading\" id=\"always-in-motion\">Always in motion<\/h3>\n\n\n\n<p class=\"wp-block-paragraph\">Our teams are passionate and proud of the projects we carry out for our clients. We are always on the lookout for the best equipment and materials in order to offer a final result that exceeds expectation.<\/p>\n<\/div><\/div>\n<\/div><\/div>\n<\/div><\/div><\/div><\/div>\n\n\n\n<h2 class=\"wp-block-heading\" id=\"our-clients\">Our clients<\/h2>\n\n\n<div class=\"smls-main-logo-outer-639231019 smls-main-logo-wrapper\">\r\n        <div class=\"smls-note-admin\">\r\n         Note: Carousel will only load on frontend.     <\/div>\r\n      <div class=\"smls-carousel-logo smls-carousel-template-2  smls-carousel-arrow-type-1 smls-hover-type-3\"  data-autoplay=\"true\"\r\n           data-id=\"smls_9288436\"\r\n           data-pager=\"false\" data-controls=\"true\" data-controls-type=\"arrow\" data-slide-count=\"4\"\r\n           data-auto-speed=\"5000\"\r\n           data-template=\"template-2\" data-pager-template=\"\"\r\n           data-arrow-type=\"type-1\">\r\n                 <div class=\"smls-carousel-four-items  smls-tooltip\"\r\n              title=\"\"  data-id=\"smls_271778291\"\r\n       data-template=\"template-1\"\r\n       data-position=\"top\"\r\n       data-animation=\"fade\"\r\n       data-duration=\"350\"\r\n       >\r\n     <div class=\"smls-car-img-wrap\">\r\n               <img decoding=\"async\" src=\"https:\/\/ampdigital.ca\/wp-content\/uploads\/2020\/02\/saq.jpg\" alt=\"\">\r\n         <\/div>\r\n<\/div>\r\n      <div class=\"smls-carousel-four-items  smls-tooltip\"\r\n              title=\"\"  data-id=\"smls_467450828\"\r\n       data-template=\"template-1\"\r\n       data-position=\"top\"\r\n       data-animation=\"fade\"\r\n       data-duration=\"350\"\r\n       >\r\n     <div class=\"smls-car-img-wrap\">\r\n               <img decoding=\"async\" src=\"https:\/\/ampdigital.ca\/wp-content\/uploads\/2020\/02\/deca.jpg\" alt=\"\">\r\n         <\/div>\r\n<\/div>\r\n      <div class=\"smls-carousel-four-items  smls-tooltip\"\r\n              title=\"\"  data-id=\"smls_521552885\"\r\n       data-template=\"template-1\"\r\n       data-position=\"top\"\r\n       data-animation=\"fade\"\r\n       data-duration=\"350\"\r\n       >\r\n     <div class=\"smls-car-img-wrap\">\r\n               <img decoding=\"async\" src=\"https:\/\/ampdigital.ca\/wp-content\/uploads\/2020\/02\/logo-mini-cooper.jpg\" alt=\"\">\r\n         <\/div>\r\n<\/div>\r\n      <div class=\"smls-carousel-four-items  smls-tooltip\"\r\n              title=\"Centre des science de Montr\u00e9al\"  data-id=\"smls_466712003\"\r\n       data-template=\"template-1\"\r\n       data-position=\"top\"\r\n       data-animation=\"fade\"\r\n       data-duration=\"350\"\r\n       >\r\n     <div class=\"smls-car-img-wrap\">\r\n               <img decoding=\"async\" src=\"https:\/\/ampdigital.ca\/wp-content\/uploads\/2020\/02\/centredessciences-ex-1.jpg\" alt=\"Centre des science de Montr\u00e9al\">\r\n         <\/div>\r\n<\/div>\r\n      <div class=\"smls-carousel-four-items  smls-tooltip\"\r\n              title=\"CHUM\"  data-id=\"smls_355046229\"\r\n       data-template=\"template-1\"\r\n       data-position=\"top\"\r\n       data-animation=\"fade\"\r\n       data-duration=\"350\"\r\n       >\r\n     <div class=\"smls-car-img-wrap\">\r\n               <img decoding=\"async\" src=\"https:\/\/ampdigital.ca\/wp-content\/uploads\/2020\/02\/chum-ex-1.jpg\" alt=\"CHUM\">\r\n         <\/div>\r\n<\/div>\r\n      <div class=\"smls-carousel-four-items  smls-tooltip\"\r\n              title=\"\"  data-id=\"smls_867569782\"\r\n       data-template=\"template-1\"\r\n       data-position=\"top\"\r\n       data-animation=\"fade\"\r\n       data-duration=\"350\"\r\n       >\r\n     <div class=\"smls-car-img-wrap\">\r\n               <img decoding=\"async\" src=\"https:\/\/ampdigital.ca\/wp-content\/uploads\/2020\/02\/bmw-logo.jpg\" alt=\"\">\r\n         <\/div>\r\n<\/div>\r\n      <div class=\"smls-carousel-four-items  smls-tooltip\"\r\n              title=\"Complexe Desjardins\"  data-id=\"smls_556269931\"\r\n       data-template=\"template-1\"\r\n       data-position=\"top\"\r\n       data-animation=\"fade\"\r\n       data-duration=\"350\"\r\n       >\r\n     <div class=\"smls-car-img-wrap\">\r\n               <img decoding=\"async\" src=\"https:\/\/ampdigital.ca\/wp-content\/uploads\/2020\/02\/complexedesjardins-ex-1.jpg\" alt=\"Complexe Desjardins\">\r\n         <\/div>\r\n<\/div>\r\n      <div class=\"smls-carousel-four-items  smls-tooltip\"\r\n              title=\"\"  data-id=\"smls_739783401\"\r\n       data-template=\"template-1\"\r\n       data-position=\"top\"\r\n       data-animation=\"fade\"\r\n       data-duration=\"350\"\r\n       >\r\n     <div class=\"smls-car-img-wrap\">\r\n               <img decoding=\"async\" src=\"https:\/\/ampdigital.ca\/wp-content\/uploads\/2020\/02\/csdm.jpg\" alt=\"\">\r\n         <\/div>\r\n<\/div>\r\n      <div class=\"smls-carousel-four-items  smls-tooltip\"\r\n              title=\"\"  data-id=\"smls_548934311\"\r\n       data-template=\"template-1\"\r\n       data-position=\"top\"\r\n       data-animation=\"fade\"\r\n       data-duration=\"350\"\r\n       >\r\n     <div class=\"smls-car-img-wrap\">\r\n               <img decoding=\"async\" src=\"https:\/\/ampdigital.ca\/wp-content\/uploads\/2020\/02\/sqdc2.jpg\" alt=\"\">\r\n         <\/div>\r\n<\/div>\r\n      <div class=\"smls-carousel-four-items  smls-tooltip\"\r\n              title=\"\"  data-id=\"smls_135899264\"\r\n       data-template=\"template-1\"\r\n       data-position=\"top\"\r\n       data-animation=\"fade\"\r\n       data-duration=\"350\"\r\n       >\r\n     <div class=\"smls-car-img-wrap\">\r\n               <img decoding=\"async\" src=\"https:\/\/ampdigital.ca\/wp-content\/uploads\/2020\/02\/Mitsubishi-logo.jpg\" alt=\"\">\r\n         <\/div>\r\n<\/div>\r\n      <div class=\"smls-carousel-four-items  smls-tooltip\"\r\n              title=\"Artitalia Group\"  data-id=\"smls_126919633\"\r\n       data-template=\"template-1\"\r\n       data-position=\"top\"\r\n       data-animation=\"fade\"\r\n       data-duration=\"350\"\r\n       >\r\n     <div class=\"smls-car-img-wrap\">\r\n               <img decoding=\"async\" src=\"https:\/\/ampdigital.ca\/wp-content\/uploads\/2020\/02\/artitalia-ex-1.jpg\" alt=\"Artitalia Group\">\r\n         <\/div>\r\n<\/div>\r\n<\/div>\r\n  <\/div>\r\n  <style>\n    .smls-main-logo-outer-639231019.smls-main-logo-wrapper {\n        width: 80%;\n        margin:0 auto;\n    }\n    .smls-main-logo-outer-639231019 .smls-grid-container-template-1 .smls-grid-each-item:before,\n    .smls-main-logo-outer-639231019 .smls-grid-container-template-1 .smls-grid-image-wrap:before,\n    .smls-main-logo-outer-639231019 .smls-grid-container-template-2 .smls-grid-each-item:before,\n    .smls-main-logo-outer-639231019 .smls-grid-container-template-2 .smls-grid-image-wrap:before {\n\n        border-left: 1px solid #e9e9e9;\n    }\n    .smls-main-logo-outer-639231019 .smls-grid-container-template-1 .smls-grid-each-item:after,\n    .smls-main-logo-outer-639231019 .smls-grid-container-template-1 .smls-grid-image-wrap:after,\n    .smls-main-logo-outer-639231019 .smls-grid-container-template-2 .smls-grid-each-item:after,\n    .smls-main-logo-outer-639231019 .smls-grid-container-template-2 .smls-grid-image-wrap:after {\n        border-bottom: 1px solid #e9e9e9;\n    }\n    .smls-main-logo-outer-639231019 .smls-grid-container-template-2 {\n        border: 1px solid #e9e9e9;\n    }\n\n    .smls-main-logo-outer-639231019 .smls-carousel-pager-template-2.owl-theme .owl-dots .owl-dot span:before\n    {\n        background-color:  #0d98dc;\n\n    }\n    .smls-main-logo-outer-639231019 .smls-carousel-pager-template-2.owl-theme .owl-dots .owl-dot span {\n        background:  #01aef0;\n    }\n\n    .smls-main-logo-outer-639231019 .smls-carousel-arrow-type-1.owl-theme .owl-controls .owl-nav [class*=owl-]:hover {\n        background-color: rgba(71, 71, 71, 0.7);\n    }\n    .smls-main-logo-outer-639231019 .smls-carousel-arrow-type-1.owl-theme .owl-controls .owl-nav [class*=owl-] {\n        background-color: #474747;\n    }\n    .smls-main-logo-outer-639231019 .smls-carousel-arrow-type-2.owl-theme .owl-controls .owl-nav [class*=owl-] {\n        background-color:  #474747;\n    }\n    .smls-main-logo-outer-639231019 .smls-carousel-arrow-type-2.owl-theme .owl-controls .owl-nav [class*=owl-]:hover {\n        background-color: rgba(71, 71, 71, 0.7);\n    }\n    .smls-main-logo-outer-639231019 .smls-carousel-arrow-type-3.owl-theme .owl-controls .owl-nav [class*=owl-] {\n        border: 2px solid #474747;\n\n    }\n    .smls-main-logo-outer-639231019 .smls-carousel-arrow-type-3.owl-theme .owl-controls .owl-nav [class*=owl-]:before {\n        background-color: rgba(71, 71, 71, 0.7);\n    }\n    .smls-main-logo-outer-639231019 .smls-carousel-arrow-type-3.owl-theme .owl-controls .owl-nav [class*=owl-]:hover {\n        border-color: rgba(71, 71, 71, 0.7);\n    }\n    .smls-main-logo-outer-639231019 .smls-carousel-arrow-type-4.owl-theme .owl-controls .owl-nav [class*=owl-] {\n        border: 2px solid #474747;\n        color: #474747;\n    }\n    .smls-main-logo-outer-639231019 .smls-carousel-arrow-type-4.owl-carousel .owl-controls .owl-nav [class*=owl-]:hover {\n        background-color: rgba(71, 71, 71, 0.7);\n        color: #333333;\n    }\n    .smls-main-logo-outer-639231019 .smls-carousel-arrow-type-5.owl-theme .owl-controls .owl-nav [class*=owl-] {\n        background-color:  #474747;\n\n    }\n\n    .smls-main-logo-outer-639231019 .smls-carousel-template-2.owl-carousel .smls-carousel-four-items {\n        border: 1px solid  #eee;\n    }\n\n<\/style>\n\n\n<p>[elfsight_popup id=&#8221;2&#8243;]<\/p>\n","protected":false},"excerpt":{"rendered":"<p>Our clients<\/p>\n","protected":false},"author":1,"featured_media":346,"parent":0,"menu_order":0,"comment_status":"closed","ping_status":"closed","template":"","meta":{"_acf_changed":false,"_coblocks_attr":"","_coblocks_dimensions":"","_coblocks_responsive_height":"","_coblocks_accordion_ie_support":"","_crdt_document":"","footnotes":""},"class_list":["post-2268","page","type-page","status-publish","has-post-thumbnail","hentry"],"acf":[],"yoast_head":"<!-- This site is optimized with the Yoast SEO plugin v27.1.1 - https:\/\/yoast.com\/product\/yoast-seo-wordpress\/ -->\n<title>About AMP Digital - AMP Digital Inc.<\/title>\n<meta name=\"robots\" content=\"index, follow, max-snippet:-1, max-image-preview:large, max-video-preview:-1\" \/>\n<link rel=\"canonical\" href=\"https:\/\/ampdigital.ca\/en\/about-amp-digital\/\" \/>\n<meta property=\"og:locale\" content=\"en_US\" \/>\n<meta property=\"og:type\" content=\"article\" \/>\n<meta property=\"og:title\" content=\"About AMP Digital - AMP Digital Inc.\" \/>\n<meta property=\"og:description\" content=\"Our clients\" \/>\n<meta property=\"og:url\" content=\"https:\/\/ampdigital.ca\/en\/about-amp-digital\/\" \/>\n<meta property=\"og:site_name\" content=\"AMP Digital Inc.\" \/>\n<meta property=\"article:modified_time\" content=\"2022-02-18T13:29:50+00:00\" \/>\n<meta property=\"og:image\" content=\"https:\/\/ampdigital.ca\/wp-content\/uploads\/2020\/02\/impression-digital-montreal-IMG_6552.jpg\" \/>\n\t<meta property=\"og:image:width\" content=\"2000\" \/>\n\t<meta property=\"og:image:height\" content=\"1333\" \/>\n\t<meta property=\"og:image:type\" content=\"image\/jpeg\" \/>\n<meta name=\"twitter:card\" content=\"summary_large_image\" \/>\n<meta name=\"twitter:label1\" content=\"Est. reading time\" \/>\n\t<meta name=\"twitter:data1\" content=\"1 minute\" \/>\n<script type=\"application\/ld+json\" class=\"yoast-schema-graph\">{\"@context\":\"https:\/\/schema.org\",\"@graph\":[{\"@type\":\"WebPage\",\"@id\":\"https:\/\/ampdigital.ca\/en\/about-amp-digital\/\",\"url\":\"https:\/\/ampdigital.ca\/en\/about-amp-digital\/\",\"name\":\"About AMP Digital - AMP Digital Inc.\",\"isPartOf\":{\"@id\":\"https:\/\/ampdigital.ca\/en\/#website\"},\"primaryImageOfPage\":{\"@id\":\"https:\/\/ampdigital.ca\/en\/about-amp-digital\/#primaryimage\"},\"image\":{\"@id\":\"https:\/\/ampdigital.ca\/en\/about-amp-digital\/#primaryimage\"},\"thumbnailUrl\":\"https:\/\/ampdigital.ca\/wp-content\/uploads\/2020\/02\/impression-digital-montreal-IMG_6552.jpg\",\"datePublished\":\"2020-07-27T19:18:12+00:00\",\"dateModified\":\"2022-02-18T13:29:50+00:00\",\"breadcrumb\":{\"@id\":\"https:\/\/ampdigital.ca\/en\/about-amp-digital\/#breadcrumb\"},\"inLanguage\":\"en-US\",\"potentialAction\":[{\"@type\":\"ReadAction\",\"target\":[\"https:\/\/ampdigital.ca\/en\/about-amp-digital\/\"]}]},{\"@type\":\"ImageObject\",\"inLanguage\":\"en-US\",\"@id\":\"https:\/\/ampdigital.ca\/en\/about-amp-digital\/#primaryimage\",\"url\":\"https:\/\/ampdigital.ca\/wp-content\/uploads\/2020\/02\/impression-digital-montreal-IMG_6552.jpg\",\"contentUrl\":\"https:\/\/ampdigital.ca\/wp-content\/uploads\/2020\/02\/impression-digital-montreal-IMG_6552.jpg\",\"width\":2000,\"height\":1333,\"caption\":\"Impression grand format \u00e0 Montr\u00e9al\"},{\"@type\":\"BreadcrumbList\",\"@id\":\"https:\/\/ampdigital.ca\/en\/about-amp-digital\/#breadcrumb\",\"itemListElement\":[{\"@type\":\"ListItem\",\"position\":1,\"name\":\"Home\",\"item\":\"https:\/\/ampdigital.ca\/en\/\"},{\"@type\":\"ListItem\",\"position\":2,\"name\":\"About AMP Digital\"}]},{\"@type\":\"WebSite\",\"@id\":\"https:\/\/ampdigital.ca\/en\/#website\",\"url\":\"https:\/\/ampdigital.ca\/en\/\",\"name\":\"AMP Digital Inc.\",\"description\":\"Digital Agency\",\"publisher\":{\"@id\":\"https:\/\/ampdigital.ca\/en\/#organization\"},\"potentialAction\":[{\"@type\":\"SearchAction\",\"target\":{\"@type\":\"EntryPoint\",\"urlTemplate\":\"https:\/\/ampdigital.ca\/en\/?s={search_term_string}\"},\"query-input\":{\"@type\":\"PropertyValueSpecification\",\"valueRequired\":true,\"valueName\":\"search_term_string\"}}],\"inLanguage\":\"en-US\"},{\"@type\":\"Organization\",\"@id\":\"https:\/\/ampdigital.ca\/en\/#organization\",\"name\":\"AMP Digital Inc.\",\"url\":\"https:\/\/ampdigital.ca\/en\/\",\"logo\":{\"@type\":\"ImageObject\",\"inLanguage\":\"en-US\",\"@id\":\"https:\/\/ampdigital.ca\/en\/#\/schema\/logo\/image\/\",\"url\":\"https:\/\/i1.wp.com\/ampdigital.ca\/wp-content\/uploads\/2020\/04\/ampdigital_outline-trans-small.png?fit=200%2C114&ssl=1\",\"contentUrl\":\"https:\/\/i1.wp.com\/ampdigital.ca\/wp-content\/uploads\/2020\/04\/ampdigital_outline-trans-small.png?fit=200%2C114&ssl=1\",\"width\":200,\"height\":114,\"caption\":\"AMP Digital Inc.\"},\"image\":{\"@id\":\"https:\/\/ampdigital.ca\/en\/#\/schema\/logo\/image\/\"}}]}<\/script>\n<!-- \/ Yoast SEO plugin. -->","yoast_head_json":{"title":"About AMP Digital - AMP Digital Inc.","robots":{"index":"index","follow":"follow","max-snippet":"max-snippet:-1","max-image-preview":"max-image-preview:large","max-video-preview":"max-video-preview:-1"},"canonical":"https:\/\/ampdigital.ca\/en\/about-amp-digital\/","og_locale":"en_US","og_type":"article","og_title":"About AMP Digital - AMP Digital Inc.","og_description":"Our clients","og_url":"https:\/\/ampdigital.ca\/en\/about-amp-digital\/","og_site_name":"AMP Digital Inc.","article_modified_time":"2022-02-18T13:29:50+00:00","og_image":[{"width":2000,"height":1333,"url":"https:\/\/ampdigital.ca\/wp-content\/uploads\/2020\/02\/impression-digital-montreal-IMG_6552.jpg","type":"image\/jpeg"}],"twitter_card":"summary_large_image","twitter_misc":{"Est. reading time":"1 minute"},"schema":{"@context":"https:\/\/schema.org","@graph":[{"@type":"WebPage","@id":"https:\/\/ampdigital.ca\/en\/about-amp-digital\/","url":"https:\/\/ampdigital.ca\/en\/about-amp-digital\/","name":"About AMP Digital - AMP Digital Inc.","isPartOf":{"@id":"https:\/\/ampdigital.ca\/en\/#website"},"primaryImageOfPage":{"@id":"https:\/\/ampdigital.ca\/en\/about-amp-digital\/#primaryimage"},"image":{"@id":"https:\/\/ampdigital.ca\/en\/about-amp-digital\/#primaryimage"},"thumbnailUrl":"https:\/\/ampdigital.ca\/wp-content\/uploads\/2020\/02\/impression-digital-montreal-IMG_6552.jpg","datePublished":"2020-07-27T19:18:12+00:00","dateModified":"2022-02-18T13:29:50+00:00","breadcrumb":{"@id":"https:\/\/ampdigital.ca\/en\/about-amp-digital\/#breadcrumb"},"inLanguage":"en-US","potentialAction":[{"@type":"ReadAction","target":["https:\/\/ampdigital.ca\/en\/about-amp-digital\/"]}]},{"@type":"ImageObject","inLanguage":"en-US","@id":"https:\/\/ampdigital.ca\/en\/about-amp-digital\/#primaryimage","url":"https:\/\/ampdigital.ca\/wp-content\/uploads\/2020\/02\/impression-digital-montreal-IMG_6552.jpg","contentUrl":"https:\/\/ampdigital.ca\/wp-content\/uploads\/2020\/02\/impression-digital-montreal-IMG_6552.jpg","width":2000,"height":1333,"caption":"Impression grand format \u00e0 Montr\u00e9al"},{"@type":"BreadcrumbList","@id":"https:\/\/ampdigital.ca\/en\/about-amp-digital\/#breadcrumb","itemListElement":[{"@type":"ListItem","position":1,"name":"Home","item":"https:\/\/ampdigital.ca\/en\/"},{"@type":"ListItem","position":2,"name":"About AMP Digital"}]},{"@type":"WebSite","@id":"https:\/\/ampdigital.ca\/en\/#website","url":"https:\/\/ampdigital.ca\/en\/","name":"AMP Digital Inc.","description":"Digital Agency","publisher":{"@id":"https:\/\/ampdigital.ca\/en\/#organization"},"potentialAction":[{"@type":"SearchAction","target":{"@type":"EntryPoint","urlTemplate":"https:\/\/ampdigital.ca\/en\/?s={search_term_string}"},"query-input":{"@type":"PropertyValueSpecification","valueRequired":true,"valueName":"search_term_string"}}],"inLanguage":"en-US"},{"@type":"Organization","@id":"https:\/\/ampdigital.ca\/en\/#organization","name":"AMP Digital Inc.","url":"https:\/\/ampdigital.ca\/en\/","logo":{"@type":"ImageObject","inLanguage":"en-US","@id":"https:\/\/ampdigital.ca\/en\/#\/schema\/logo\/image\/","url":"https:\/\/i1.wp.com\/ampdigital.ca\/wp-content\/uploads\/2020\/04\/ampdigital_outline-trans-small.png?fit=200%2C114&ssl=1","contentUrl":"https:\/\/i1.wp.com\/ampdigital.ca\/wp-content\/uploads\/2020\/04\/ampdigital_outline-trans-small.png?fit=200%2C114&ssl=1","width":200,"height":114,"caption":"AMP Digital Inc."},"image":{"@id":"https:\/\/ampdigital.ca\/en\/#\/schema\/logo\/image\/"}}]}},"_links":{"self":[{"href":"https:\/\/ampdigital.ca\/en\/wp-json\/wp\/v2\/pages\/2268","targetHints":{"allow":["GET"]}}],"collection":[{"href":"https:\/\/ampdigital.ca\/en\/wp-json\/wp\/v2\/pages"}],"about":[{"href":"https:\/\/ampdigital.ca\/en\/wp-json\/wp\/v2\/types\/page"}],"author":[{"embeddable":true,"href":"https:\/\/ampdigital.ca\/en\/wp-json\/wp\/v2\/users\/1"}],"replies":[{"embeddable":true,"href":"https:\/\/ampdigital.ca\/en\/wp-json\/wp\/v2\/comments?post=2268"}],"version-history":[{"count":0,"href":"https:\/\/ampdigital.ca\/en\/wp-json\/wp\/v2\/pages\/2268\/revisions"}],"wp:featuredmedia":[{"embeddable":true,"href":"https:\/\/ampdigital.ca\/en\/wp-json\/wp\/v2\/media\/346"}],"wp:attachment":[{"href":"https:\/\/ampdigital.ca\/en\/wp-json\/wp\/v2\/media?parent=2268"}],"curies":[{"name":"wp","href":"https:\/\/api.w.org\/{rel}","templated":true}]}}