{"id":6939,"date":"2021-04-22T15:08:18","date_gmt":"2021-04-22T15:08:18","guid":{"rendered":"https:\/\/ampdigital.ca\/station-de-travail-ajustable-fabriquee-a-montreal\/"},"modified":"2021-05-20T19:27:45","modified_gmt":"2021-05-20T19:27:45","slug":"adjustable-standing-desks-made-in-montreal","status":"publish","type":"page","link":"https:\/\/ampdigital.ca\/en\/adjustable-standing-desks-made-in-montreal\/","title":{"rendered":"Adjustable Standing Desk made in Montreal"},"content":{"rendered":"\n<h2 class=\"wp-block-heading\">What is an adjustable Standing Desk?<\/h2>\n\n\n\n<p class=\"wp-block-paragraph\">Standing Desk, Desk sitting upright, standing work station\u2026 There are many names for this kind of furniture. We called it Adjustable Standing desk. We developped it to be adjustable so that anyone can use it, no matter their size, the height of their desk or their equipment.<\/p>\n\n\n\n<div class=\"wp-block-image coblocks-animate\" data-coblocks-animation=\"fadeIn\"><figure class=\"aligncenter size-large is-resized\"><img loading=\"lazy\" decoding=\"async\" src=\"https:\/\/ampdigital.ca\/wp-content\/uploads\/2020\/02\/IMG_9121-blur-trou-web-min.jpg\" alt=\"Station de travail ajustable fait \u00e0 Montreal\" class=\"wp-image-6914\" width=\"435\" height=\"435\" srcset=\"https:\/\/ampdigital.ca\/wp-content\/uploads\/2020\/02\/IMG_9121-blur-trou-web-min.jpg 2000w, https:\/\/ampdigital.ca\/wp-content\/uploads\/2020\/02\/IMG_9121-blur-trou-web-min-700x700.jpg 700w, https:\/\/ampdigital.ca\/wp-content\/uploads\/2020\/02\/IMG_9121-blur-trou-web-min-300x300.jpg 300w, https:\/\/ampdigital.ca\/wp-content\/uploads\/2020\/02\/IMG_9121-blur-trou-web-min-768x768.jpg 768w, https:\/\/ampdigital.ca\/wp-content\/uploads\/2020\/02\/IMG_9121-blur-trou-web-min-1536x1536.jpg 1536w, https:\/\/ampdigital.ca\/wp-content\/uploads\/2020\/02\/IMG_9121-blur-trou-web-min-600x600.jpg 600w, https:\/\/ampdigital.ca\/wp-content\/uploads\/2020\/02\/IMG_9121-blur-trou-web-min-100x100.jpg 100w\" sizes=\"auto, (max-width: 435px) 100vw, 435px\" \/><figcaption>Adjustable Standing Desk made in Montreal<\/figcaption><\/figure><\/div>\n\n\n\n<h2 class=\"wp-block-heading\">Benefits of a standing desk<\/h2>\n\n\n\n<p class=\"wp-block-paragraph\">When working in an office, we&#8217;ve always been sitting in our chair in front of our desk. This has been the norm around the world for years.<\/p>\n\n\n\n<p class=\"wp-block-paragraph\">However, in recent years, on the campuses of Tech companies like Apple and Google, the fashion for standing work gain a lot of popularity.<\/p>\n\n\n\n<p class=\"wp-block-paragraph\">Some said it was just a passing fad. Over time, more and more people have tried this practice. The American research institute <strong><a href=\"http:\/\/PubMed.gov\" target=\"_blank\" rel=\"noreferrer noopener\">PubMed.gov<\/a><\/strong> did a study comparing workers who sit all day and another group who used sit-stand desks.<\/p>\n\n\n\n<p class=\"wp-block-paragraph\">Over a period of 6 months, the results observed were significant. Particularly in the reduction of cardio-metabolic risk factors. That is, blood pressure, body mass index (BMI) and weight loss.<\/p>\n\n\n\n<p class=\"wp-block-paragraph\">According to several studies, people working standing burn 5 to 6 times more energy.<\/p>\n\n\n\n<p class=\"wp-block-paragraph\">Ergonomics are increasingly appreciated by employees, with reason! This is something that employers will have to offer more and more in order to retain staff and even recruit!<\/p>\n\n\n\n<div class=\"wp-block-media-text alignwide is-stacked-on-mobile coblocks-animate\" style=\"grid-template-columns:29% auto\" data-coblocks-animation=\"fadeIn\"><figure class=\"wp-block-media-text__media\"><img loading=\"lazy\" decoding=\"async\" width=\"1333\" height=\"2000\" src=\"https:\/\/ampdigital.ca\/wp-content\/uploads\/2021\/04\/IMG_9153-web-min.jpg\" alt=\"Station de travail ajustable fait \u00e0 Montreal\" class=\"wp-image-6911 size-full\" srcset=\"https:\/\/ampdigital.ca\/wp-content\/uploads\/2021\/04\/IMG_9153-web-min.jpg 1333w, https:\/\/ampdigital.ca\/wp-content\/uploads\/2021\/04\/IMG_9153-web-min-467x700.jpg 467w, https:\/\/ampdigital.ca\/wp-content\/uploads\/2021\/04\/IMG_9153-web-min-768x1152.jpg 768w, https:\/\/ampdigital.ca\/wp-content\/uploads\/2021\/04\/IMG_9153-web-min-1024x1536.jpg 1024w, https:\/\/ampdigital.ca\/wp-content\/uploads\/2021\/04\/IMG_9153-web-min-600x900.jpg 600w\" sizes=\"auto, (max-width: 1333px) 100vw, 1333px\" \/><\/figure><div class=\"wp-block-media-text__content\">\n<h2 class=\"wp-block-heading\">Easy storage for your adjustable workstation<\/h2>\n\n\n\n<p class=\"wp-block-paragraph\">When you decide to work while standing, it is strongly advice to start gradually. Indeed, if your body is used to be sitting 40 hours a week, it will be difficult to be standing during this period. Even after getting used to working while standing, it is advisable to alternate between working seated and standing. Personally, I prefer to work standing up in the morning when my body is fresh and available. Since you move more, it allows you to be feel more awake at the start of the day.<\/p>\n\n\n\n<p class=\"wp-block-paragraph\">With this in mind, we developped our workstation so it could be stored easily and quickly.<\/p>\n<\/div><\/div>\n\n\n\n<figure class=\"wp-block-gallery columns-2 is-cropped coblocks-animate has-lightbox wp-block-gallery-1 is-layout-flex wp-block-gallery-is-layout-flex\" data-coblocks-animation=\"fadeIn\"><ul class=\"blocks-gallery-grid\"><li class=\"blocks-gallery-item\"><figure><img loading=\"lazy\" decoding=\"async\" width=\"1200\" height=\"800\" src=\"https:\/\/ampdigital.ca\/wp-content\/uploads\/2021\/04\/IMG_0183-ps-min.jpg\" alt=\"Support pour stand up desk fait \u00e0 Montreal\" data-id=\"6921\" data-full-url=\"https:\/\/ampdigital.ca\/wp-content\/uploads\/2021\/04\/IMG_0183-ps-min.jpg\" data-link=\"https:\/\/ampdigital.ca\/station-de-travail-ajustable-fabriquee-a-montreal\/img_0183-ps-min\/\" class=\"wp-image-6921\" srcset=\"https:\/\/ampdigital.ca\/wp-content\/uploads\/2021\/04\/IMG_0183-ps-min.jpg 1200w, https:\/\/ampdigital.ca\/wp-content\/uploads\/2021\/04\/IMG_0183-ps-min-700x467.jpg 700w, https:\/\/ampdigital.ca\/wp-content\/uploads\/2021\/04\/IMG_0183-ps-min-768x512.jpg 768w, https:\/\/ampdigital.ca\/wp-content\/uploads\/2021\/04\/IMG_0183-ps-min-600x400.jpg 600w\" sizes=\"auto, (max-width: 1200px) 100vw, 1200px\" \/><figcaption class=\"blocks-gallery-item__caption\">Support pour stand up desk fait \u00e0 Montreal<\/figcaption><\/figure><\/li><li class=\"blocks-gallery-item\"><figure><img loading=\"lazy\" decoding=\"async\" width=\"1500\" height=\"1500\" src=\"https:\/\/ampdigital.ca\/wp-content\/uploads\/2021\/04\/web-110357.jpg\" alt=\"Support de rangement pour stand up desk fait \u00e0 Montreal\" data-id=\"6971\" data-full-url=\"https:\/\/ampdigital.ca\/wp-content\/uploads\/2021\/04\/web-110357.jpg\" data-link=\"https:\/\/ampdigital.ca\/?attachment_id=6971\" class=\"wp-image-6971\" srcset=\"https:\/\/ampdigital.ca\/wp-content\/uploads\/2021\/04\/web-110357.jpg 1500w, https:\/\/ampdigital.ca\/wp-content\/uploads\/2021\/04\/web-110357-700x700.jpg 700w, https:\/\/ampdigital.ca\/wp-content\/uploads\/2021\/04\/web-110357-300x300.jpg 300w, https:\/\/ampdigital.ca\/wp-content\/uploads\/2021\/04\/web-110357-768x768.jpg 768w, https:\/\/ampdigital.ca\/wp-content\/uploads\/2021\/04\/web-110357-600x600.jpg 600w, https:\/\/ampdigital.ca\/wp-content\/uploads\/2021\/04\/web-110357-100x100.jpg 100w\" sizes=\"auto, (max-width: 1500px) 100vw, 1500px\" \/><figcaption class=\"blocks-gallery-item__caption\">Support de rangement pour stand up desk fait \u00e0 Montreal<\/figcaption><\/figure><\/li><\/ul><figcaption class=\"blocks-gallery-caption\">Support pour stand up desk fait \u00e0 Montreal<\/figcaption><\/figure>\n\n\n\n<div class=\"wp-block-buttons is-layout-flex wp-block-buttons-is-layout-flex\">\n<div class=\"wp-block-button\"><a class=\"wp-block-button__link\" href=\"https:\/\/www.youtube.com\/watch?v=gILPa6pqkhI\">See the support installation video<\/a><\/div>\n<\/div>\n\n\n\n<h2 class=\"wp-block-heading\">Materials and manufacturing<\/h2>\n\n\n\n<p class=\"wp-block-paragraph\">We use Russian Birch for cutting with our 3D digital cutting machine (CNC). After cutting everything out, we sand it all to remove any imperfections. Finally, we varnish all the pieces to make the workstation more resistant and durable.<\/p>\n\n\n\n<div class=\"wp-block-media-text alignwide is-stacked-on-mobile\"><figure class=\"wp-block-media-text__media\"><img loading=\"lazy\" decoding=\"async\" width=\"2000\" height=\"1333\" src=\"https:\/\/ampdigital.ca\/wp-content\/uploads\/2021\/04\/IMG_9143-web-min.jpg\" alt=\"Gravure sur bois \u00e0 Montreal\" class=\"wp-image-6909 size-full\" srcset=\"https:\/\/ampdigital.ca\/wp-content\/uploads\/2021\/04\/IMG_9143-web-min.jpg 2000w, https:\/\/ampdigital.ca\/wp-content\/uploads\/2021\/04\/IMG_9143-web-min-700x467.jpg 700w, https:\/\/ampdigital.ca\/wp-content\/uploads\/2021\/04\/IMG_9143-web-min-768x512.jpg 768w, https:\/\/ampdigital.ca\/wp-content\/uploads\/2021\/04\/IMG_9143-web-min-1536x1024.jpg 1536w, https:\/\/ampdigital.ca\/wp-content\/uploads\/2021\/04\/IMG_9143-web-min-600x400.jpg 600w\" sizes=\"auto, (max-width: 2000px) 100vw, 2000px\" \/><\/figure><div class=\"wp-block-media-text__content\">\n<h2 class=\"wp-block-heading\">Our customization options<\/h2>\n\n\n\n<p class=\"wp-block-paragraph\">All manufacturing is done in our workshops in Montreal. We can therefore personalize your station to your image.<\/p>\n\n\n\n<ul class=\"wp-block-list\"><li>Lazer engraving of your logo<\/li><li>Wood print<\/li><\/ul>\n<\/div><\/div>\n\n\n\n<div class=\"wp-block-media-text alignwide has-media-on-the-right is-stacked-on-mobile coblocks-animate\" style=\"grid-template-columns:auto 34%\" data-coblocks-animation=\"fadeIn\"><figure class=\"wp-block-media-text__media\"><img loading=\"lazy\" decoding=\"async\" width=\"1389\" height=\"2000\" src=\"https:\/\/ampdigital.ca\/wp-content\/uploads\/2020\/02\/IMG_9127-trou-web-min.jpg\" alt=\"Station de travail ajustable fait \u00e0 Montreal\" class=\"wp-image-6915 size-full\" srcset=\"https:\/\/ampdigital.ca\/wp-content\/uploads\/2020\/02\/IMG_9127-trou-web-min.jpg 1389w, https:\/\/ampdigital.ca\/wp-content\/uploads\/2020\/02\/IMG_9127-trou-web-min-486x700.jpg 486w, https:\/\/ampdigital.ca\/wp-content\/uploads\/2020\/02\/IMG_9127-trou-web-min-768x1106.jpg 768w, https:\/\/ampdigital.ca\/wp-content\/uploads\/2020\/02\/IMG_9127-trou-web-min-1067x1536.jpg 1067w, https:\/\/ampdigital.ca\/wp-content\/uploads\/2020\/02\/IMG_9127-trou-web-min-600x864.jpg 600w\" sizes=\"auto, (max-width: 1389px) 100vw, 1389px\" \/><\/figure><div class=\"wp-block-media-text__content\">\n<h2 class=\"wp-block-heading\">Order yours!<\/h2>\n\n\n\n<p class=\"wp-block-paragraph\">Contact us for more information on our options and our prices for your large quantity purchases.<\/p>\n\n\n\n<div class=\"wp-block-buttons is-layout-flex wp-block-buttons-is-layout-flex\">\n<div class=\"wp-block-button\"><a class=\"wp-block-button__link no-border-radius\" href=\"https:\/\/ampdigital.ca\/en\/contact-us\/\">Get more information<\/a><\/div>\n\n\n\n<div class=\"wp-block-button is-style-outline is-style-outline--2\"><a class=\"wp-block-button__link no-border-radius\" href=\"https:\/\/ampdigital.ca\/en\/produit\/station-de-travail-ajustable-fabriquee-a-montreal\/\">Go to product<\/a><\/div>\n<\/div>\n<\/div><\/div>\n\n\n\n<p class=\"wp-block-paragraph\">Ref&nbsp;: <a href=\"https:\/\/pubmed.ncbi.nlm.nih.gov\/26437867\/\" target=\"_blank\" rel=\"noreferrer noopener\">https:\/\/pubmed.ncbi.nlm.nih.gov\/26437867\/<\/a><\/p>\n","protected":false},"excerpt":{"rendered":"<p>What is an adjustable Standing Desk? Standing Desk, Desk sitting upright, standing work station\u2026 There are many names for this kind of furniture. We called it Adjustable Standing desk. We developped it to be adjustable so that anyone can use it, no matter their size, the height of their desk or their equipment. Benefits of [&hellip;]<\/p>\n","protected":false},"author":1,"featured_media":6982,"parent":0,"menu_order":0,"comment_status":"closed","ping_status":"closed","template":"","meta":{"_acf_changed":false,"_coblocks_attr":"","_coblocks_dimensions":"","_coblocks_responsive_height":"","_coblocks_accordion_ie_support":"","_crdt_document":"","footnotes":""},"class_list":["post-6939","page","type-page","status-publish","has-post-thumbnail","hentry"],"acf":[],"yoast_head":"<!-- This site is optimized with the Yoast SEO plugin v27.3 - https:\/\/yoast.com\/product\/yoast-seo-wordpress\/ -->\n<title>Adjustable Standing Desk made in Montreal - AMP Digital Inc.<\/title>\n<meta name=\"description\" content=\"Nous l\u2019avons appel\u00e9 Station de travail ajustable car ce n\u2019est pas un bureau mais bien une station de travail qu\u2019on vient d\u00e9poser sur une table ou un bureau pour travailler. Nous l\u2019avons rendu ajustable pour que tout le monde puisse l\u2019utiliser, peu importe leur grandeur, la hauteur de leur bureau ou bien leur \u00e9quipement.\" \/>\n<meta name=\"robots\" content=\"index, follow, max-snippet:-1, max-image-preview:large, max-video-preview:-1\" \/>\n<link rel=\"canonical\" href=\"https:\/\/ampdigital.ca\/en\/adjustable-standing-desks-made-in-montreal\/\" \/>\n<meta property=\"og:locale\" content=\"en_US\" \/>\n<meta property=\"og:type\" content=\"article\" \/>\n<meta property=\"og:title\" content=\"Adjustable Standing Desk made in Montreal - AMP Digital Inc.\" \/>\n<meta property=\"og:description\" content=\"Nous l\u2019avons appel\u00e9 Station de travail ajustable car ce n\u2019est pas un bureau mais bien une station de travail qu\u2019on vient d\u00e9poser sur une table ou un bureau pour travailler. Nous l\u2019avons rendu ajustable pour que tout le monde puisse l\u2019utiliser, peu importe leur grandeur, la hauteur de leur bureau ou bien leur \u00e9quipement.\" \/>\n<meta property=\"og:url\" content=\"https:\/\/ampdigital.ca\/en\/adjustable-standing-desks-made-in-montreal\/\" \/>\n<meta property=\"og:site_name\" content=\"AMP Digital Inc.\" \/>\n<meta property=\"article:modified_time\" content=\"2021-05-20T19:27:45+00:00\" \/>\n<meta property=\"og:image\" content=\"https:\/\/ampdigital.ca\/wp-content\/uploads\/2021\/04\/IMG_9151-blur-web-min.jpg\" \/>\n\t<meta property=\"og:image:width\" content=\"2000\" \/>\n\t<meta property=\"og:image:height\" content=\"1333\" \/>\n\t<meta property=\"og:image:type\" content=\"image\/jpeg\" \/>\n<meta name=\"twitter:card\" content=\"summary_large_image\" \/>\n<meta name=\"twitter:label1\" content=\"Est. reading time\" \/>\n\t<meta name=\"twitter:data1\" content=\"4 minutes\" \/>\n<script type=\"application\/ld+json\" class=\"yoast-schema-graph\">{\"@context\":\"https:\\\/\\\/schema.org\",\"@graph\":[{\"@type\":\"WebPage\",\"@id\":\"https:\\\/\\\/ampdigital.ca\\\/en\\\/adjustable-standing-desks-made-in-montreal\\\/\",\"url\":\"https:\\\/\\\/ampdigital.ca\\\/en\\\/adjustable-standing-desks-made-in-montreal\\\/\",\"name\":\"Adjustable Standing Desk made in Montreal - AMP Digital Inc.\",\"isPartOf\":{\"@id\":\"https:\\\/\\\/ampdigital.ca\\\/en\\\/#website\"},\"primaryImageOfPage\":{\"@id\":\"https:\\\/\\\/ampdigital.ca\\\/en\\\/adjustable-standing-desks-made-in-montreal\\\/#primaryimage\"},\"image\":{\"@id\":\"https:\\\/\\\/ampdigital.ca\\\/en\\\/adjustable-standing-desks-made-in-montreal\\\/#primaryimage\"},\"thumbnailUrl\":\"https:\\\/\\\/ampdigital.ca\\\/wp-content\\\/uploads\\\/2021\\\/04\\\/IMG_9151-blur-web-min.jpg\",\"datePublished\":\"2021-04-22T15:08:18+00:00\",\"dateModified\":\"2021-05-20T19:27:45+00:00\",\"description\":\"Nous l\u2019avons appel\u00e9 Station de travail ajustable car ce n\u2019est pas un bureau mais bien une station de travail qu\u2019on vient d\u00e9poser sur une table ou un bureau pour travailler. Nous l\u2019avons rendu ajustable pour que tout le monde puisse l\u2019utiliser, peu importe leur grandeur, la hauteur de leur bureau ou bien leur \u00e9quipement.\",\"breadcrumb\":{\"@id\":\"https:\\\/\\\/ampdigital.ca\\\/en\\\/adjustable-standing-desks-made-in-montreal\\\/#breadcrumb\"},\"inLanguage\":\"en-US\",\"potentialAction\":[{\"@type\":\"ReadAction\",\"target\":[\"https:\\\/\\\/ampdigital.ca\\\/en\\\/adjustable-standing-desks-made-in-montreal\\\/\"]}]},{\"@type\":\"ImageObject\",\"inLanguage\":\"en-US\",\"@id\":\"https:\\\/\\\/ampdigital.ca\\\/en\\\/adjustable-standing-desks-made-in-montreal\\\/#primaryimage\",\"url\":\"https:\\\/\\\/ampdigital.ca\\\/wp-content\\\/uploads\\\/2021\\\/04\\\/IMG_9151-blur-web-min.jpg\",\"contentUrl\":\"https:\\\/\\\/ampdigital.ca\\\/wp-content\\\/uploads\\\/2021\\\/04\\\/IMG_9151-blur-web-min.jpg\",\"width\":2000,\"height\":1333,\"caption\":\"Standing desk fabriqu\u00e9 \u00e0 Montr\u00e9al\"},{\"@type\":\"BreadcrumbList\",\"@id\":\"https:\\\/\\\/ampdigital.ca\\\/en\\\/adjustable-standing-desks-made-in-montreal\\\/#breadcrumb\",\"itemListElement\":[{\"@type\":\"ListItem\",\"position\":1,\"name\":\"Home\",\"item\":\"https:\\\/\\\/ampdigital.ca\\\/en\\\/\"},{\"@type\":\"ListItem\",\"position\":2,\"name\":\"Adjustable Standing Desk made in Montreal\"}]},{\"@type\":\"WebSite\",\"@id\":\"https:\\\/\\\/ampdigital.ca\\\/en\\\/#website\",\"url\":\"https:\\\/\\\/ampdigital.ca\\\/en\\\/\",\"name\":\"AMP Digital Inc.\",\"description\":\"Digital Agency\",\"publisher\":{\"@id\":\"https:\\\/\\\/ampdigital.ca\\\/en\\\/#organization\"},\"potentialAction\":[{\"@type\":\"SearchAction\",\"target\":{\"@type\":\"EntryPoint\",\"urlTemplate\":\"https:\\\/\\\/ampdigital.ca\\\/en\\\/?s={search_term_string}\"},\"query-input\":{\"@type\":\"PropertyValueSpecification\",\"valueRequired\":true,\"valueName\":\"search_term_string\"}}],\"inLanguage\":\"en-US\"},{\"@type\":\"Organization\",\"@id\":\"https:\\\/\\\/ampdigital.ca\\\/en\\\/#organization\",\"name\":\"AMP Digital Inc.\",\"url\":\"https:\\\/\\\/ampdigital.ca\\\/en\\\/\",\"logo\":{\"@type\":\"ImageObject\",\"inLanguage\":\"en-US\",\"@id\":\"https:\\\/\\\/ampdigital.ca\\\/en\\\/#\\\/schema\\\/logo\\\/image\\\/\",\"url\":\"https:\\\/\\\/i1.wp.com\\\/ampdigital.ca\\\/wp-content\\\/uploads\\\/2020\\\/04\\\/ampdigital_outline-trans-small.png?fit=200%2C114&ssl=1\",\"contentUrl\":\"https:\\\/\\\/i1.wp.com\\\/ampdigital.ca\\\/wp-content\\\/uploads\\\/2020\\\/04\\\/ampdigital_outline-trans-small.png?fit=200%2C114&ssl=1\",\"width\":200,\"height\":114,\"caption\":\"AMP Digital Inc.\"},\"image\":{\"@id\":\"https:\\\/\\\/ampdigital.ca\\\/en\\\/#\\\/schema\\\/logo\\\/image\\\/\"}}]}<\/script>\n<!-- \/ Yoast SEO plugin. -->","yoast_head_json":{"title":"Adjustable Standing Desk made in Montreal - AMP Digital Inc.","description":"Nous l\u2019avons appel\u00e9 Station de travail ajustable car ce n\u2019est pas un bureau mais bien une station de travail qu\u2019on vient d\u00e9poser sur une table ou un bureau pour travailler. Nous l\u2019avons rendu ajustable pour que tout le monde puisse l\u2019utiliser, peu importe leur grandeur, la hauteur de leur bureau ou bien leur \u00e9quipement.","robots":{"index":"index","follow":"follow","max-snippet":"max-snippet:-1","max-image-preview":"max-image-preview:large","max-video-preview":"max-video-preview:-1"},"canonical":"https:\/\/ampdigital.ca\/en\/adjustable-standing-desks-made-in-montreal\/","og_locale":"en_US","og_type":"article","og_title":"Adjustable Standing Desk made in Montreal - AMP Digital Inc.","og_description":"Nous l\u2019avons appel\u00e9 Station de travail ajustable car ce n\u2019est pas un bureau mais bien une station de travail qu\u2019on vient d\u00e9poser sur une table ou un bureau pour travailler. Nous l\u2019avons rendu ajustable pour que tout le monde puisse l\u2019utiliser, peu importe leur grandeur, la hauteur de leur bureau ou bien leur \u00e9quipement.","og_url":"https:\/\/ampdigital.ca\/en\/adjustable-standing-desks-made-in-montreal\/","og_site_name":"AMP Digital Inc.","article_modified_time":"2021-05-20T19:27:45+00:00","og_image":[{"width":2000,"height":1333,"url":"https:\/\/ampdigital.ca\/wp-content\/uploads\/2021\/04\/IMG_9151-blur-web-min.jpg","type":"image\/jpeg"}],"twitter_card":"summary_large_image","twitter_misc":{"Est. reading time":"4 minutes"},"schema":{"@context":"https:\/\/schema.org","@graph":[{"@type":"WebPage","@id":"https:\/\/ampdigital.ca\/en\/adjustable-standing-desks-made-in-montreal\/","url":"https:\/\/ampdigital.ca\/en\/adjustable-standing-desks-made-in-montreal\/","name":"Adjustable Standing Desk made in Montreal - AMP Digital Inc.","isPartOf":{"@id":"https:\/\/ampdigital.ca\/en\/#website"},"primaryImageOfPage":{"@id":"https:\/\/ampdigital.ca\/en\/adjustable-standing-desks-made-in-montreal\/#primaryimage"},"image":{"@id":"https:\/\/ampdigital.ca\/en\/adjustable-standing-desks-made-in-montreal\/#primaryimage"},"thumbnailUrl":"https:\/\/ampdigital.ca\/wp-content\/uploads\/2021\/04\/IMG_9151-blur-web-min.jpg","datePublished":"2021-04-22T15:08:18+00:00","dateModified":"2021-05-20T19:27:45+00:00","description":"Nous l\u2019avons appel\u00e9 Station de travail ajustable car ce n\u2019est pas un bureau mais bien une station de travail qu\u2019on vient d\u00e9poser sur une table ou un bureau pour travailler. Nous l\u2019avons rendu ajustable pour que tout le monde puisse l\u2019utiliser, peu importe leur grandeur, la hauteur de leur bureau ou bien leur \u00e9quipement.","breadcrumb":{"@id":"https:\/\/ampdigital.ca\/en\/adjustable-standing-desks-made-in-montreal\/#breadcrumb"},"inLanguage":"en-US","potentialAction":[{"@type":"ReadAction","target":["https:\/\/ampdigital.ca\/en\/adjustable-standing-desks-made-in-montreal\/"]}]},{"@type":"ImageObject","inLanguage":"en-US","@id":"https:\/\/ampdigital.ca\/en\/adjustable-standing-desks-made-in-montreal\/#primaryimage","url":"https:\/\/ampdigital.ca\/wp-content\/uploads\/2021\/04\/IMG_9151-blur-web-min.jpg","contentUrl":"https:\/\/ampdigital.ca\/wp-content\/uploads\/2021\/04\/IMG_9151-blur-web-min.jpg","width":2000,"height":1333,"caption":"Standing desk fabriqu\u00e9 \u00e0 Montr\u00e9al"},{"@type":"BreadcrumbList","@id":"https:\/\/ampdigital.ca\/en\/adjustable-standing-desks-made-in-montreal\/#breadcrumb","itemListElement":[{"@type":"ListItem","position":1,"name":"Home","item":"https:\/\/ampdigital.ca\/en\/"},{"@type":"ListItem","position":2,"name":"Adjustable Standing Desk made in Montreal"}]},{"@type":"WebSite","@id":"https:\/\/ampdigital.ca\/en\/#website","url":"https:\/\/ampdigital.ca\/en\/","name":"AMP Digital Inc.","description":"Digital Agency","publisher":{"@id":"https:\/\/ampdigital.ca\/en\/#organization"},"potentialAction":[{"@type":"SearchAction","target":{"@type":"EntryPoint","urlTemplate":"https:\/\/ampdigital.ca\/en\/?s={search_term_string}"},"query-input":{"@type":"PropertyValueSpecification","valueRequired":true,"valueName":"search_term_string"}}],"inLanguage":"en-US"},{"@type":"Organization","@id":"https:\/\/ampdigital.ca\/en\/#organization","name":"AMP Digital Inc.","url":"https:\/\/ampdigital.ca\/en\/","logo":{"@type":"ImageObject","inLanguage":"en-US","@id":"https:\/\/ampdigital.ca\/en\/#\/schema\/logo\/image\/","url":"https:\/\/i1.wp.com\/ampdigital.ca\/wp-content\/uploads\/2020\/04\/ampdigital_outline-trans-small.png?fit=200%2C114&ssl=1","contentUrl":"https:\/\/i1.wp.com\/ampdigital.ca\/wp-content\/uploads\/2020\/04\/ampdigital_outline-trans-small.png?fit=200%2C114&ssl=1","width":200,"height":114,"caption":"AMP Digital Inc."},"image":{"@id":"https:\/\/ampdigital.ca\/en\/#\/schema\/logo\/image\/"}}]}},"_links":{"self":[{"href":"https:\/\/ampdigital.ca\/en\/wp-json\/wp\/v2\/pages\/6939","targetHints":{"allow":["GET"]}}],"collection":[{"href":"https:\/\/ampdigital.ca\/en\/wp-json\/wp\/v2\/pages"}],"about":[{"href":"https:\/\/ampdigital.ca\/en\/wp-json\/wp\/v2\/types\/page"}],"author":[{"embeddable":true,"href":"https:\/\/ampdigital.ca\/en\/wp-json\/wp\/v2\/users\/1"}],"replies":[{"embeddable":true,"href":"https:\/\/ampdigital.ca\/en\/wp-json\/wp\/v2\/comments?post=6939"}],"version-history":[{"count":0,"href":"https:\/\/ampdigital.ca\/en\/wp-json\/wp\/v2\/pages\/6939\/revisions"}],"wp:featuredmedia":[{"embeddable":true,"href":"https:\/\/ampdigital.ca\/en\/wp-json\/wp\/v2\/media\/6982"}],"wp:attachment":[{"href":"https:\/\/ampdigital.ca\/en\/wp-json\/wp\/v2\/media?parent=6939"}],"curies":[{"name":"wp","href":"https:\/\/api.w.org\/{rel}","templated":true}]}}