{"id":7361,"date":"2020-03-04T17:03:44","date_gmt":"2020-03-04T17:03:44","guid":{"rendered":"https:\/\/ampdigital.ca\/specifications-tecniques-pour-nos-clients\/"},"modified":"2021-06-28T18:59:19","modified_gmt":"2021-06-28T18:59:19","slug":"technical-specifications-for-our-customers","status":"publish","type":"page","link":"https:\/\/ampdigital.ca\/en\/technical-specifications-for-our-customers\/","title":{"rendered":"Technical specifications for our customers"},"content":{"rendered":"\n<div class=\"wp-block-coblocks-accordion\">\n<div class=\"wp-block-coblocks-accordion-item\"><details><summary class=\"wp-block-coblocks-accordion-item__title\">PRICE REQUEST AND ORDERS<\/summary><div class=\"wp-block-coblocks-accordion-item__content\">\n<div class=\"wp-block-coblocks-accordion\">\n<div class=\"wp-block-coblocks-accordion-item\"><details><summary class=\"wp-block-coblocks-accordion-item__title\">Price requests and purchase orders must be sent by email to: vente@ampdigital.ca<\/summary><div class=\"wp-block-coblocks-accordion-item__content\">\n<p class=\"wp-block-paragraph\"><\/p>\n<\/div><\/details><\/div>\n<\/div>\n<\/div><\/details><\/div>\n<\/div>\n\n\n\n<div class=\"wp-block-coblocks-accordion\">\n<div class=\"wp-block-coblocks-accordion-item\"><\/div>\n<\/div>\n\n\n\n<div class=\"wp-block-coblocks-accordion\">\n<div class=\"wp-block-coblocks-accordion-item\"><details><summary class=\"wp-block-coblocks-accordion-item__title\">RESOLUTIONS<\/summary><div class=\"wp-block-coblocks-accordion-item__content\">\n<p class=\"wp-block-paragraph\">We need: 72 to 150 ppi at 100% of the final format.<br>For very large banners: 25 to 72 ppi at 100% of the final format.<\/p>\n<\/div><\/details><\/div>\n<\/div>\n\n\n\n<div class=\"wp-block-coblocks-accordion\">\n<div class=\"wp-block-coblocks-accordion-item\"><details><summary class=\"wp-block-coblocks-accordion-item__title\">COLORS ET REFERENCES<\/summary><div class=\"wp-block-coblocks-accordion-item__content\">\n<p class=\"wp-block-paragraph\"><\/p>\n\n\n\n<p class=\"wp-block-paragraph\">Save your documents with the<strong> CMYK \/ CMYK color profile.<\/strong><\/p>\n\n\n\n<p class=\"wp-block-paragraph\">The RGB \/ RGB color profile is dedicated to the screen display<br>and not in print. If you are sending files in RGB \/ RGB,<br>these will be automatically converted to CMYK \/ CMYK<br>and you will see some color difference between the color<br>desired on your screen and your printed document.<\/p>\n\n\n\n<p class=\"wp-block-paragraph\"><strong>PANTONE<\/strong><br>\u2022 Please mention PMS colors when ordering.<\/p>\n\n\n\n<p class=\"wp-block-paragraph\">If you have a physical reference to match, please let us know<br>and provide us the reference when ordering.<\/p>\n<\/div><\/details><\/div>\n<\/div>\n\n\n\n<h3 class=\"wp-block-heading\">For any question, please call us at <a rel=\"noreferrer noopener\" href=\"tel:438-386-3922\" target=\"_blank\">438-386-3922<\/a> or by email at <a href=\"mailto:vente@ampdigital.ca\">vente@ampdigital.ca<\/a><\/h3>\n","protected":false},"excerpt":{"rendered":"<p>For any question, please call us at 438-386-3922 or by email at vente@ampdigital.ca<\/p>\n","protected":false},"author":1,"featured_media":2356,"parent":0,"menu_order":0,"comment_status":"closed","ping_status":"closed","template":"","meta":{"_acf_changed":false,"_coblocks_attr":"","_coblocks_dimensions":"","_coblocks_responsive_height":"","_coblocks_accordion_ie_support":"","_crdt_document":"","footnotes":""},"class_list":["post-7361","page","type-page","status-publish","has-post-thumbnail","hentry"],"acf":[],"yoast_head":"<!-- This site is optimized with the Yoast SEO plugin v27.3 - https:\/\/yoast.com\/product\/yoast-seo-wordpress\/ -->\n<title>Technical specifications for our customers - AMP Digital Inc.<\/title>\n<meta name=\"robots\" content=\"index, follow, max-snippet:-1, max-image-preview:large, max-video-preview:-1\" \/>\n<link rel=\"canonical\" href=\"https:\/\/ampdigital.ca\/en\/technical-specifications-for-our-customers\/\" \/>\n<meta property=\"og:locale\" content=\"en_US\" \/>\n<meta property=\"og:type\" content=\"article\" \/>\n<meta property=\"og:title\" content=\"Technical specifications for our customers - AMP Digital Inc.\" \/>\n<meta property=\"og:description\" content=\"For any question, please call us at 438-386-3922 or by email at vente@ampdigital.ca\" \/>\n<meta property=\"og:url\" content=\"https:\/\/ampdigital.ca\/en\/technical-specifications-for-our-customers\/\" \/>\n<meta property=\"og:site_name\" content=\"AMP Digital Inc.\" \/>\n<meta property=\"article:modified_time\" content=\"2021-06-28T18:59:19+00:00\" \/>\n<meta property=\"og:image\" content=\"https:\/\/ampdigital.ca\/wp-content\/uploads\/2020\/02\/impression-digital-montreal-IMG_6552.jpg\" \/>\n\t<meta property=\"og:image:width\" content=\"2000\" \/>\n\t<meta property=\"og:image:height\" content=\"1333\" \/>\n\t<meta property=\"og:image:type\" content=\"image\/jpeg\" \/>\n<meta name=\"twitter:card\" content=\"summary_large_image\" \/>\n<meta name=\"twitter:label1\" content=\"Est. reading time\" \/>\n\t<meta name=\"twitter:data1\" content=\"1 minute\" \/>\n<script type=\"application\/ld+json\" class=\"yoast-schema-graph\">{\"@context\":\"https:\\\/\\\/schema.org\",\"@graph\":[{\"@type\":\"WebPage\",\"@id\":\"https:\\\/\\\/ampdigital.ca\\\/en\\\/technical-specifications-for-our-customers\\\/\",\"url\":\"https:\\\/\\\/ampdigital.ca\\\/en\\\/technical-specifications-for-our-customers\\\/\",\"name\":\"Technical specifications for our customers - AMP Digital Inc.\",\"isPartOf\":{\"@id\":\"https:\\\/\\\/ampdigital.ca\\\/en\\\/#website\"},\"primaryImageOfPage\":{\"@id\":\"https:\\\/\\\/ampdigital.ca\\\/en\\\/technical-specifications-for-our-customers\\\/#primaryimage\"},\"image\":{\"@id\":\"https:\\\/\\\/ampdigital.ca\\\/en\\\/technical-specifications-for-our-customers\\\/#primaryimage\"},\"thumbnailUrl\":\"https:\\\/\\\/ampdigital.ca\\\/wp-content\\\/uploads\\\/2020\\\/02\\\/impression-digital-montreal-IMG_6552.jpg\",\"datePublished\":\"2020-03-04T17:03:44+00:00\",\"dateModified\":\"2021-06-28T18:59:19+00:00\",\"breadcrumb\":{\"@id\":\"https:\\\/\\\/ampdigital.ca\\\/en\\\/technical-specifications-for-our-customers\\\/#breadcrumb\"},\"inLanguage\":\"en-US\",\"potentialAction\":[{\"@type\":\"ReadAction\",\"target\":[\"https:\\\/\\\/ampdigital.ca\\\/en\\\/technical-specifications-for-our-customers\\\/\"]}]},{\"@type\":\"ImageObject\",\"inLanguage\":\"en-US\",\"@id\":\"https:\\\/\\\/ampdigital.ca\\\/en\\\/technical-specifications-for-our-customers\\\/#primaryimage\",\"url\":\"https:\\\/\\\/ampdigital.ca\\\/wp-content\\\/uploads\\\/2020\\\/02\\\/impression-digital-montreal-IMG_6552.jpg\",\"contentUrl\":\"https:\\\/\\\/ampdigital.ca\\\/wp-content\\\/uploads\\\/2020\\\/02\\\/impression-digital-montreal-IMG_6552.jpg\",\"width\":2000,\"height\":1333,\"caption\":\"Impression de banni\u00e8re grand format \u00e0 Montr\u00e9al\"},{\"@type\":\"BreadcrumbList\",\"@id\":\"https:\\\/\\\/ampdigital.ca\\\/en\\\/technical-specifications-for-our-customers\\\/#breadcrumb\",\"itemListElement\":[{\"@type\":\"ListItem\",\"position\":1,\"name\":\"Home\",\"item\":\"https:\\\/\\\/ampdigital.ca\\\/en\\\/\"},{\"@type\":\"ListItem\",\"position\":2,\"name\":\"Technical specifications for our customers\"}]},{\"@type\":\"WebSite\",\"@id\":\"https:\\\/\\\/ampdigital.ca\\\/en\\\/#website\",\"url\":\"https:\\\/\\\/ampdigital.ca\\\/en\\\/\",\"name\":\"AMP Digital Inc.\",\"description\":\"Digital Agency\",\"publisher\":{\"@id\":\"https:\\\/\\\/ampdigital.ca\\\/en\\\/#organization\"},\"potentialAction\":[{\"@type\":\"SearchAction\",\"target\":{\"@type\":\"EntryPoint\",\"urlTemplate\":\"https:\\\/\\\/ampdigital.ca\\\/en\\\/?s={search_term_string}\"},\"query-input\":{\"@type\":\"PropertyValueSpecification\",\"valueRequired\":true,\"valueName\":\"search_term_string\"}}],\"inLanguage\":\"en-US\"},{\"@type\":\"Organization\",\"@id\":\"https:\\\/\\\/ampdigital.ca\\\/en\\\/#organization\",\"name\":\"AMP Digital Inc.\",\"url\":\"https:\\\/\\\/ampdigital.ca\\\/en\\\/\",\"logo\":{\"@type\":\"ImageObject\",\"inLanguage\":\"en-US\",\"@id\":\"https:\\\/\\\/ampdigital.ca\\\/en\\\/#\\\/schema\\\/logo\\\/image\\\/\",\"url\":\"https:\\\/\\\/i1.wp.com\\\/ampdigital.ca\\\/wp-content\\\/uploads\\\/2020\\\/04\\\/ampdigital_outline-trans-small.png?fit=200%2C114&ssl=1\",\"contentUrl\":\"https:\\\/\\\/i1.wp.com\\\/ampdigital.ca\\\/wp-content\\\/uploads\\\/2020\\\/04\\\/ampdigital_outline-trans-small.png?fit=200%2C114&ssl=1\",\"width\":200,\"height\":114,\"caption\":\"AMP Digital Inc.\"},\"image\":{\"@id\":\"https:\\\/\\\/ampdigital.ca\\\/en\\\/#\\\/schema\\\/logo\\\/image\\\/\"}}]}<\/script>\n<!-- \/ Yoast SEO plugin. -->","yoast_head_json":{"title":"Technical specifications for our customers - AMP Digital Inc.","robots":{"index":"index","follow":"follow","max-snippet":"max-snippet:-1","max-image-preview":"max-image-preview:large","max-video-preview":"max-video-preview:-1"},"canonical":"https:\/\/ampdigital.ca\/en\/technical-specifications-for-our-customers\/","og_locale":"en_US","og_type":"article","og_title":"Technical specifications for our customers - AMP Digital Inc.","og_description":"For any question, please call us at 438-386-3922 or by email at vente@ampdigital.ca","og_url":"https:\/\/ampdigital.ca\/en\/technical-specifications-for-our-customers\/","og_site_name":"AMP Digital Inc.","article_modified_time":"2021-06-28T18:59:19+00:00","og_image":[{"width":2000,"height":1333,"url":"https:\/\/ampdigital.ca\/wp-content\/uploads\/2020\/02\/impression-digital-montreal-IMG_6552.jpg","type":"image\/jpeg"}],"twitter_card":"summary_large_image","twitter_misc":{"Est. reading time":"1 minute"},"schema":{"@context":"https:\/\/schema.org","@graph":[{"@type":"WebPage","@id":"https:\/\/ampdigital.ca\/en\/technical-specifications-for-our-customers\/","url":"https:\/\/ampdigital.ca\/en\/technical-specifications-for-our-customers\/","name":"Technical specifications for our customers - AMP Digital Inc.","isPartOf":{"@id":"https:\/\/ampdigital.ca\/en\/#website"},"primaryImageOfPage":{"@id":"https:\/\/ampdigital.ca\/en\/technical-specifications-for-our-customers\/#primaryimage"},"image":{"@id":"https:\/\/ampdigital.ca\/en\/technical-specifications-for-our-customers\/#primaryimage"},"thumbnailUrl":"https:\/\/ampdigital.ca\/wp-content\/uploads\/2020\/02\/impression-digital-montreal-IMG_6552.jpg","datePublished":"2020-03-04T17:03:44+00:00","dateModified":"2021-06-28T18:59:19+00:00","breadcrumb":{"@id":"https:\/\/ampdigital.ca\/en\/technical-specifications-for-our-customers\/#breadcrumb"},"inLanguage":"en-US","potentialAction":[{"@type":"ReadAction","target":["https:\/\/ampdigital.ca\/en\/technical-specifications-for-our-customers\/"]}]},{"@type":"ImageObject","inLanguage":"en-US","@id":"https:\/\/ampdigital.ca\/en\/technical-specifications-for-our-customers\/#primaryimage","url":"https:\/\/ampdigital.ca\/wp-content\/uploads\/2020\/02\/impression-digital-montreal-IMG_6552.jpg","contentUrl":"https:\/\/ampdigital.ca\/wp-content\/uploads\/2020\/02\/impression-digital-montreal-IMG_6552.jpg","width":2000,"height":1333,"caption":"Impression de banni\u00e8re grand format \u00e0 Montr\u00e9al"},{"@type":"BreadcrumbList","@id":"https:\/\/ampdigital.ca\/en\/technical-specifications-for-our-customers\/#breadcrumb","itemListElement":[{"@type":"ListItem","position":1,"name":"Home","item":"https:\/\/ampdigital.ca\/en\/"},{"@type":"ListItem","position":2,"name":"Technical specifications for our customers"}]},{"@type":"WebSite","@id":"https:\/\/ampdigital.ca\/en\/#website","url":"https:\/\/ampdigital.ca\/en\/","name":"AMP Digital Inc.","description":"Digital Agency","publisher":{"@id":"https:\/\/ampdigital.ca\/en\/#organization"},"potentialAction":[{"@type":"SearchAction","target":{"@type":"EntryPoint","urlTemplate":"https:\/\/ampdigital.ca\/en\/?s={search_term_string}"},"query-input":{"@type":"PropertyValueSpecification","valueRequired":true,"valueName":"search_term_string"}}],"inLanguage":"en-US"},{"@type":"Organization","@id":"https:\/\/ampdigital.ca\/en\/#organization","name":"AMP Digital Inc.","url":"https:\/\/ampdigital.ca\/en\/","logo":{"@type":"ImageObject","inLanguage":"en-US","@id":"https:\/\/ampdigital.ca\/en\/#\/schema\/logo\/image\/","url":"https:\/\/i1.wp.com\/ampdigital.ca\/wp-content\/uploads\/2020\/04\/ampdigital_outline-trans-small.png?fit=200%2C114&ssl=1","contentUrl":"https:\/\/i1.wp.com\/ampdigital.ca\/wp-content\/uploads\/2020\/04\/ampdigital_outline-trans-small.png?fit=200%2C114&ssl=1","width":200,"height":114,"caption":"AMP Digital Inc."},"image":{"@id":"https:\/\/ampdigital.ca\/en\/#\/schema\/logo\/image\/"}}]}},"_links":{"self":[{"href":"https:\/\/ampdigital.ca\/en\/wp-json\/wp\/v2\/pages\/7361","targetHints":{"allow":["GET"]}}],"collection":[{"href":"https:\/\/ampdigital.ca\/en\/wp-json\/wp\/v2\/pages"}],"about":[{"href":"https:\/\/ampdigital.ca\/en\/wp-json\/wp\/v2\/types\/page"}],"author":[{"embeddable":true,"href":"https:\/\/ampdigital.ca\/en\/wp-json\/wp\/v2\/users\/1"}],"replies":[{"embeddable":true,"href":"https:\/\/ampdigital.ca\/en\/wp-json\/wp\/v2\/comments?post=7361"}],"version-history":[{"count":0,"href":"https:\/\/ampdigital.ca\/en\/wp-json\/wp\/v2\/pages\/7361\/revisions"}],"wp:featuredmedia":[{"embeddable":true,"href":"https:\/\/ampdigital.ca\/en\/wp-json\/wp\/v2\/media\/2356"}],"wp:attachment":[{"href":"https:\/\/ampdigital.ca\/en\/wp-json\/wp\/v2\/media?parent=7361"}],"curies":[{"name":"wp","href":"https:\/\/api.w.org\/{rel}","templated":true}]}}