{"id":11466,"date":"2024-05-28T20:47:55","date_gmt":"2024-05-28T20:47:55","guid":{"rendered":"https:\/\/ampdigital.ca\/produit\/auvent-pour-tente-promotionnelle\/"},"modified":"2025-06-02T19:37:12","modified_gmt":"2025-06-02T19:37:12","slug":"promo-tent-awning","status":"publish","type":"product","link":"https:\/\/ampdigital.ca\/en\/produit\/promo-tent-awning\/","title":{"rendered":"Promo Tent Awning"},"content":{"rendered":"<h2>Template<\/h2>\n<p><a href=\"https:\/\/ampdigital.ca\/wp-content\/uploads\/2020\/02\/template-awning-1.pdf\">Download<\/a><\/p>\n<p>&nbsp;<\/p>\n<p>SVP pr\u00e9voir un d\u00e9lai de 8 \u00e0 10 jours ouvrables apr\u00e8s approbation de notre pdf.<\/p>\n","protected":false},"excerpt":{"rendered":"<p>Template Download &nbsp; SVP pr\u00e9voir un d\u00e9lai de 8 \u00e0 10 jours ouvrables apr\u00e8s approbation de notre pdf.<\/p>\n","protected":false},"featured_media":0,"template":"","meta":{"_acf_changed":false,"_coblocks_attr":"","_coblocks_dimensions":"","_coblocks_responsive_height":"","_coblocks_accordion_ie_support":"","_crdt_document":""},"product_brand":[],"product_cat":[259,564,550],"product_tag":[],"class_list":{"0":"post-11466","1":"product","2":"type-product","3":"status-publish","5":"product_cat-promotional-displays","6":"product_cat-promotional-tent-accessories","7":"product_cat-tent","9":"first","10":"instock","11":"taxable","12":"shipping-taxable","13":"purchasable","14":"product-type-simple"},"acf":[],"yoast_head":"<!-- This site is optimized with the Yoast SEO plugin v27.3 - https:\/\/yoast.com\/product\/yoast-seo-wordpress\/ -->\n<title>Promo Tent Awning - AMP Digital Inc.<\/title>\n<meta name=\"robots\" content=\"index, follow, max-snippet:-1, max-image-preview:large, max-video-preview:-1\" \/>\n<link rel=\"canonical\" href=\"https:\/\/ampdigital.ca\/en\/produit\/promo-tent-awning\/\" \/>\n<meta property=\"og:locale\" content=\"en_US\" \/>\n<meta property=\"og:type\" content=\"article\" \/>\n<meta property=\"og:title\" content=\"Promo Tent Awning - AMP Digital Inc.\" \/>\n<meta property=\"og:description\" content=\"Template Download &nbsp; SVP pr\u00e9voir un d\u00e9lai de 8 \u00e0 10 jours ouvrables apr\u00e8s approbation de notre pdf.\" \/>\n<meta property=\"og:url\" content=\"https:\/\/ampdigital.ca\/en\/produit\/promo-tent-awning\/\" \/>\n<meta property=\"og:site_name\" content=\"AMP Digital Inc.\" \/>\n<meta property=\"article:modified_time\" content=\"2025-06-02T19:37:12+00:00\" \/>\n<meta name=\"twitter:card\" content=\"summary_large_image\" \/>\n<meta name=\"twitter:label1\" content=\"Est. reading time\" \/>\n\t<meta name=\"twitter:data1\" content=\"1 minute\" \/>\n<script type=\"application\/ld+json\" class=\"yoast-schema-graph\">{\"@context\":\"https:\\\/\\\/schema.org\",\"@graph\":[{\"@type\":\"WebPage\",\"@id\":\"https:\\\/\\\/ampdigital.ca\\\/en\\\/produit\\\/promo-tent-awning\\\/\",\"url\":\"https:\\\/\\\/ampdigital.ca\\\/en\\\/produit\\\/promo-tent-awning\\\/\",\"name\":\"Promo Tent Awning - AMP Digital Inc.\",\"isPartOf\":{\"@id\":\"https:\\\/\\\/ampdigital.ca\\\/en\\\/#website\"},\"datePublished\":\"2024-05-28T20:47:55+00:00\",\"dateModified\":\"2025-06-02T19:37:12+00:00\",\"breadcrumb\":{\"@id\":\"https:\\\/\\\/ampdigital.ca\\\/en\\\/produit\\\/promo-tent-awning\\\/#breadcrumb\"},\"inLanguage\":\"en-US\",\"potentialAction\":[{\"@type\":\"ReadAction\",\"target\":[\"https:\\\/\\\/ampdigital.ca\\\/en\\\/produit\\\/promo-tent-awning\\\/\"]}]},{\"@type\":\"BreadcrumbList\",\"@id\":\"https:\\\/\\\/ampdigital.ca\\\/en\\\/produit\\\/promo-tent-awning\\\/#breadcrumb\",\"itemListElement\":[{\"@type\":\"ListItem\",\"position\":1,\"name\":\"Home\",\"item\":\"https:\\\/\\\/ampdigital.ca\\\/en\\\/\"},{\"@type\":\"ListItem\",\"position\":2,\"name\":\"Boutique\",\"item\":\"https:\\\/\\\/ampdigital.ca\\\/boutique\\\/\"},{\"@type\":\"ListItem\",\"position\":3,\"name\":\"Promo Tent Awning\"}]},{\"@type\":\"WebSite\",\"@id\":\"https:\\\/\\\/ampdigital.ca\\\/en\\\/#website\",\"url\":\"https:\\\/\\\/ampdigital.ca\\\/en\\\/\",\"name\":\"AMP Digital Inc.\",\"description\":\"Digital Agency\",\"publisher\":{\"@id\":\"https:\\\/\\\/ampdigital.ca\\\/en\\\/#organization\"},\"potentialAction\":[{\"@type\":\"SearchAction\",\"target\":{\"@type\":\"EntryPoint\",\"urlTemplate\":\"https:\\\/\\\/ampdigital.ca\\\/en\\\/?s={search_term_string}\"},\"query-input\":{\"@type\":\"PropertyValueSpecification\",\"valueRequired\":true,\"valueName\":\"search_term_string\"}}],\"inLanguage\":\"en-US\"},{\"@type\":\"Organization\",\"@id\":\"https:\\\/\\\/ampdigital.ca\\\/en\\\/#organization\",\"name\":\"AMP Digital Inc.\",\"url\":\"https:\\\/\\\/ampdigital.ca\\\/en\\\/\",\"logo\":{\"@type\":\"ImageObject\",\"inLanguage\":\"en-US\",\"@id\":\"https:\\\/\\\/ampdigital.ca\\\/en\\\/#\\\/schema\\\/logo\\\/image\\\/\",\"url\":\"https:\\\/\\\/i1.wp.com\\\/ampdigital.ca\\\/wp-content\\\/uploads\\\/2020\\\/04\\\/ampdigital_outline-trans-small.png?fit=200%2C114&ssl=1\",\"contentUrl\":\"https:\\\/\\\/i1.wp.com\\\/ampdigital.ca\\\/wp-content\\\/uploads\\\/2020\\\/04\\\/ampdigital_outline-trans-small.png?fit=200%2C114&ssl=1\",\"width\":200,\"height\":114,\"caption\":\"AMP Digital Inc.\"},\"image\":{\"@id\":\"https:\\\/\\\/ampdigital.ca\\\/en\\\/#\\\/schema\\\/logo\\\/image\\\/\"}}]}<\/script>\n<!-- \/ Yoast SEO plugin. -->","yoast_head_json":{"title":"Promo Tent Awning - AMP Digital Inc.","robots":{"index":"index","follow":"follow","max-snippet":"max-snippet:-1","max-image-preview":"max-image-preview:large","max-video-preview":"max-video-preview:-1"},"canonical":"https:\/\/ampdigital.ca\/en\/produit\/promo-tent-awning\/","og_locale":"en_US","og_type":"article","og_title":"Promo Tent Awning - AMP Digital Inc.","og_description":"Template Download &nbsp; SVP pr\u00e9voir un d\u00e9lai de 8 \u00e0 10 jours ouvrables apr\u00e8s approbation de notre pdf.","og_url":"https:\/\/ampdigital.ca\/en\/produit\/promo-tent-awning\/","og_site_name":"AMP Digital Inc.","article_modified_time":"2025-06-02T19:37:12+00:00","twitter_card":"summary_large_image","twitter_misc":{"Est. reading time":"1 minute"},"schema":{"@context":"https:\/\/schema.org","@graph":[{"@type":"WebPage","@id":"https:\/\/ampdigital.ca\/en\/produit\/promo-tent-awning\/","url":"https:\/\/ampdigital.ca\/en\/produit\/promo-tent-awning\/","name":"Promo Tent Awning - AMP Digital Inc.","isPartOf":{"@id":"https:\/\/ampdigital.ca\/en\/#website"},"datePublished":"2024-05-28T20:47:55+00:00","dateModified":"2025-06-02T19:37:12+00:00","breadcrumb":{"@id":"https:\/\/ampdigital.ca\/en\/produit\/promo-tent-awning\/#breadcrumb"},"inLanguage":"en-US","potentialAction":[{"@type":"ReadAction","target":["https:\/\/ampdigital.ca\/en\/produit\/promo-tent-awning\/"]}]},{"@type":"BreadcrumbList","@id":"https:\/\/ampdigital.ca\/en\/produit\/promo-tent-awning\/#breadcrumb","itemListElement":[{"@type":"ListItem","position":1,"name":"Home","item":"https:\/\/ampdigital.ca\/en\/"},{"@type":"ListItem","position":2,"name":"Boutique","item":"https:\/\/ampdigital.ca\/boutique\/"},{"@type":"ListItem","position":3,"name":"Promo Tent Awning"}]},{"@type":"WebSite","@id":"https:\/\/ampdigital.ca\/en\/#website","url":"https:\/\/ampdigital.ca\/en\/","name":"AMP Digital Inc.","description":"Digital Agency","publisher":{"@id":"https:\/\/ampdigital.ca\/en\/#organization"},"potentialAction":[{"@type":"SearchAction","target":{"@type":"EntryPoint","urlTemplate":"https:\/\/ampdigital.ca\/en\/?s={search_term_string}"},"query-input":{"@type":"PropertyValueSpecification","valueRequired":true,"valueName":"search_term_string"}}],"inLanguage":"en-US"},{"@type":"Organization","@id":"https:\/\/ampdigital.ca\/en\/#organization","name":"AMP Digital Inc.","url":"https:\/\/ampdigital.ca\/en\/","logo":{"@type":"ImageObject","inLanguage":"en-US","@id":"https:\/\/ampdigital.ca\/en\/#\/schema\/logo\/image\/","url":"https:\/\/i1.wp.com\/ampdigital.ca\/wp-content\/uploads\/2020\/04\/ampdigital_outline-trans-small.png?fit=200%2C114&ssl=1","contentUrl":"https:\/\/i1.wp.com\/ampdigital.ca\/wp-content\/uploads\/2020\/04\/ampdigital_outline-trans-small.png?fit=200%2C114&ssl=1","width":200,"height":114,"caption":"AMP Digital Inc."},"image":{"@id":"https:\/\/ampdigital.ca\/en\/#\/schema\/logo\/image\/"}}]}},"_links":{"self":[{"href":"https:\/\/ampdigital.ca\/en\/wp-json\/wp\/v2\/product\/11466","targetHints":{"allow":["GET"]}}],"collection":[{"href":"https:\/\/ampdigital.ca\/en\/wp-json\/wp\/v2\/product"}],"about":[{"href":"https:\/\/ampdigital.ca\/en\/wp-json\/wp\/v2\/types\/product"}],"wp:attachment":[{"href":"https:\/\/ampdigital.ca\/en\/wp-json\/wp\/v2\/media?parent=11466"}],"wp:term":[{"taxonomy":"product_brand","embeddable":true,"href":"https:\/\/ampdigital.ca\/en\/wp-json\/wp\/v2\/product_brand?post=11466"},{"taxonomy":"product_cat","embeddable":true,"href":"https:\/\/ampdigital.ca\/en\/wp-json\/wp\/v2\/product_cat?post=11466"},{"taxonomy":"product_tag","embeddable":true,"href":"https:\/\/ampdigital.ca\/en\/wp-json\/wp\/v2\/product_tag?post=11466"}],"curies":[{"name":"wp","href":"https:\/\/api.w.org\/{rel}","templated":true}]}}