{"id":11564,"date":"2022-04-28T21:23:32","date_gmt":"2022-04-28T21:23:32","guid":{"rendered":"https:\/\/ampdigital.ca\/produit\/nappe-imprimee-tendue\/"},"modified":"2024-05-31T15:00:16","modified_gmt":"2024-05-31T15:00:16","slug":"stretch-table-cover","status":"publish","type":"product","link":"https:\/\/ampdigital.ca\/en\/produit\/stretch-table-cover\/","title":{"rendered":"Stretch Table Cover"},"content":{"rendered":"<ul>\n<li>Tissu imprim\u00e9 en sublimation sur du Polyester 180G<\/li>\n<li>Nous pouvons faire une ouverture derri\u00e8re la table afin de vous permettre de vous assoir. (Simplement le mentionner \u00e0 la commande)<\/li>\n<li>Lavable \u00e0 la machine \u00e0 laver!<\/li>\n<\/ul>\n<h4>Download your template<\/h4>\n<ul>\n<li><a href=\"https:\/\/ampdigital.ca\/wp-content\/uploads\/2020\/02\/4FT-Stretch-Table-Covers-M-180G.pdf\">4 feet<\/a><\/li>\n<li><a href=\"https:\/\/ampdigital.ca\/wp-content\/uploads\/2020\/02\/6FT-Stretch-Table-Covers-180G.pdf\">6 feet<\/a><\/li>\n<li><a href=\"https:\/\/ampdigital.ca\/wp-content\/uploads\/2020\/02\/8FT-Stretch-Table-Covers-180G.pdf\">8 feet<\/a><\/li>\n<\/ul>\n","protected":false},"excerpt":{"rendered":"<p>Les nappes tendues sont de plus en plus \u00e0 la mode \u00e9tant donn\u00e9 le look chic et moderne que \u00e7a donne \u00e0 vos tables.<\/p>\n","protected":false},"featured_media":0,"template":"","meta":{"_acf_changed":false,"_coblocks_attr":"","_coblocks_dimensions":"","_coblocks_responsive_height":"","_coblocks_accordion_ie_support":"","_crdt_document":""},"product_brand":[],"product_cat":[584],"product_tag":[],"class_list":{"0":"post-11564","1":"product","2":"type-product","3":"status-publish","5":"product_cat-printed-tablecloth","7":"first","8":"instock","9":"taxable","10":"shipping-taxable","11":"purchasable","12":"product-type-variable","13":"has-default-attributes"},"acf":[],"yoast_head":"<!-- This site is optimized with the Yoast SEO plugin v27.3 - https:\/\/yoast.com\/product\/yoast-seo-wordpress\/ -->\n<title>Stretch Table Cover - AMP Digital Inc.<\/title>\n<meta name=\"robots\" content=\"index, follow, max-snippet:-1, max-image-preview:large, max-video-preview:-1\" \/>\n<link rel=\"canonical\" href=\"https:\/\/ampdigital.ca\/en\/produit\/stretch-table-cover\/\" \/>\n<meta property=\"og:locale\" content=\"en_US\" \/>\n<meta property=\"og:type\" content=\"article\" \/>\n<meta property=\"og:title\" content=\"Stretch Table Cover - AMP Digital Inc.\" \/>\n<meta property=\"og:description\" content=\"Les nappes tendues sont de plus en plus \u00e0 la mode \u00e9tant donn\u00e9 le look chic et moderne que \u00e7a donne \u00e0 vos tables.\" \/>\n<meta property=\"og:url\" content=\"https:\/\/ampdigital.ca\/en\/produit\/stretch-table-cover\/\" \/>\n<meta property=\"og:site_name\" content=\"AMP Digital Inc.\" \/>\n<meta property=\"article:modified_time\" content=\"2024-05-31T15:00:16+00:00\" \/>\n<meta name=\"twitter:card\" content=\"summary_large_image\" \/>\n<meta name=\"twitter:label1\" content=\"Est. reading time\" \/>\n\t<meta name=\"twitter:data1\" content=\"1 minute\" \/>\n<script type=\"application\/ld+json\" class=\"yoast-schema-graph\">{\"@context\":\"https:\\\/\\\/schema.org\",\"@graph\":[{\"@type\":\"WebPage\",\"@id\":\"https:\\\/\\\/ampdigital.ca\\\/en\\\/produit\\\/stretch-table-cover\\\/\",\"url\":\"https:\\\/\\\/ampdigital.ca\\\/en\\\/produit\\\/stretch-table-cover\\\/\",\"name\":\"Stretch Table Cover - AMP Digital Inc.\",\"isPartOf\":{\"@id\":\"https:\\\/\\\/ampdigital.ca\\\/en\\\/#website\"},\"datePublished\":\"2022-04-28T21:23:32+00:00\",\"dateModified\":\"2024-05-31T15:00:16+00:00\",\"breadcrumb\":{\"@id\":\"https:\\\/\\\/ampdigital.ca\\\/en\\\/produit\\\/stretch-table-cover\\\/#breadcrumb\"},\"inLanguage\":\"en-US\",\"potentialAction\":[{\"@type\":\"ReadAction\",\"target\":[\"https:\\\/\\\/ampdigital.ca\\\/en\\\/produit\\\/stretch-table-cover\\\/\"]}]},{\"@type\":\"BreadcrumbList\",\"@id\":\"https:\\\/\\\/ampdigital.ca\\\/en\\\/produit\\\/stretch-table-cover\\\/#breadcrumb\",\"itemListElement\":[{\"@type\":\"ListItem\",\"position\":1,\"name\":\"Home\",\"item\":\"https:\\\/\\\/ampdigital.ca\\\/en\\\/\"},{\"@type\":\"ListItem\",\"position\":2,\"name\":\"Boutique\",\"item\":\"https:\\\/\\\/ampdigital.ca\\\/boutique\\\/\"},{\"@type\":\"ListItem\",\"position\":3,\"name\":\"Stretch Table Cover\"}]},{\"@type\":\"WebSite\",\"@id\":\"https:\\\/\\\/ampdigital.ca\\\/en\\\/#website\",\"url\":\"https:\\\/\\\/ampdigital.ca\\\/en\\\/\",\"name\":\"AMP Digital Inc.\",\"description\":\"Digital Agency\",\"publisher\":{\"@id\":\"https:\\\/\\\/ampdigital.ca\\\/en\\\/#organization\"},\"potentialAction\":[{\"@type\":\"SearchAction\",\"target\":{\"@type\":\"EntryPoint\",\"urlTemplate\":\"https:\\\/\\\/ampdigital.ca\\\/en\\\/?s={search_term_string}\"},\"query-input\":{\"@type\":\"PropertyValueSpecification\",\"valueRequired\":true,\"valueName\":\"search_term_string\"}}],\"inLanguage\":\"en-US\"},{\"@type\":\"Organization\",\"@id\":\"https:\\\/\\\/ampdigital.ca\\\/en\\\/#organization\",\"name\":\"AMP Digital Inc.\",\"url\":\"https:\\\/\\\/ampdigital.ca\\\/en\\\/\",\"logo\":{\"@type\":\"ImageObject\",\"inLanguage\":\"en-US\",\"@id\":\"https:\\\/\\\/ampdigital.ca\\\/en\\\/#\\\/schema\\\/logo\\\/image\\\/\",\"url\":\"https:\\\/\\\/i1.wp.com\\\/ampdigital.ca\\\/wp-content\\\/uploads\\\/2020\\\/04\\\/ampdigital_outline-trans-small.png?fit=200%2C114&ssl=1\",\"contentUrl\":\"https:\\\/\\\/i1.wp.com\\\/ampdigital.ca\\\/wp-content\\\/uploads\\\/2020\\\/04\\\/ampdigital_outline-trans-small.png?fit=200%2C114&ssl=1\",\"width\":200,\"height\":114,\"caption\":\"AMP Digital Inc.\"},\"image\":{\"@id\":\"https:\\\/\\\/ampdigital.ca\\\/en\\\/#\\\/schema\\\/logo\\\/image\\\/\"}}]}<\/script>\n<!-- \/ Yoast SEO plugin. -->","yoast_head_json":{"title":"Stretch Table Cover - AMP Digital Inc.","robots":{"index":"index","follow":"follow","max-snippet":"max-snippet:-1","max-image-preview":"max-image-preview:large","max-video-preview":"max-video-preview:-1"},"canonical":"https:\/\/ampdigital.ca\/en\/produit\/stretch-table-cover\/","og_locale":"en_US","og_type":"article","og_title":"Stretch Table Cover - AMP Digital Inc.","og_description":"Les nappes tendues sont de plus en plus \u00e0 la mode \u00e9tant donn\u00e9 le look chic et moderne que \u00e7a donne \u00e0 vos tables.","og_url":"https:\/\/ampdigital.ca\/en\/produit\/stretch-table-cover\/","og_site_name":"AMP Digital Inc.","article_modified_time":"2024-05-31T15:00:16+00:00","twitter_card":"summary_large_image","twitter_misc":{"Est. reading time":"1 minute"},"schema":{"@context":"https:\/\/schema.org","@graph":[{"@type":"WebPage","@id":"https:\/\/ampdigital.ca\/en\/produit\/stretch-table-cover\/","url":"https:\/\/ampdigital.ca\/en\/produit\/stretch-table-cover\/","name":"Stretch Table Cover - AMP Digital Inc.","isPartOf":{"@id":"https:\/\/ampdigital.ca\/en\/#website"},"datePublished":"2022-04-28T21:23:32+00:00","dateModified":"2024-05-31T15:00:16+00:00","breadcrumb":{"@id":"https:\/\/ampdigital.ca\/en\/produit\/stretch-table-cover\/#breadcrumb"},"inLanguage":"en-US","potentialAction":[{"@type":"ReadAction","target":["https:\/\/ampdigital.ca\/en\/produit\/stretch-table-cover\/"]}]},{"@type":"BreadcrumbList","@id":"https:\/\/ampdigital.ca\/en\/produit\/stretch-table-cover\/#breadcrumb","itemListElement":[{"@type":"ListItem","position":1,"name":"Home","item":"https:\/\/ampdigital.ca\/en\/"},{"@type":"ListItem","position":2,"name":"Boutique","item":"https:\/\/ampdigital.ca\/boutique\/"},{"@type":"ListItem","position":3,"name":"Stretch Table Cover"}]},{"@type":"WebSite","@id":"https:\/\/ampdigital.ca\/en\/#website","url":"https:\/\/ampdigital.ca\/en\/","name":"AMP Digital Inc.","description":"Digital Agency","publisher":{"@id":"https:\/\/ampdigital.ca\/en\/#organization"},"potentialAction":[{"@type":"SearchAction","target":{"@type":"EntryPoint","urlTemplate":"https:\/\/ampdigital.ca\/en\/?s={search_term_string}"},"query-input":{"@type":"PropertyValueSpecification","valueRequired":true,"valueName":"search_term_string"}}],"inLanguage":"en-US"},{"@type":"Organization","@id":"https:\/\/ampdigital.ca\/en\/#organization","name":"AMP Digital Inc.","url":"https:\/\/ampdigital.ca\/en\/","logo":{"@type":"ImageObject","inLanguage":"en-US","@id":"https:\/\/ampdigital.ca\/en\/#\/schema\/logo\/image\/","url":"https:\/\/i1.wp.com\/ampdigital.ca\/wp-content\/uploads\/2020\/04\/ampdigital_outline-trans-small.png?fit=200%2C114&ssl=1","contentUrl":"https:\/\/i1.wp.com\/ampdigital.ca\/wp-content\/uploads\/2020\/04\/ampdigital_outline-trans-small.png?fit=200%2C114&ssl=1","width":200,"height":114,"caption":"AMP Digital Inc."},"image":{"@id":"https:\/\/ampdigital.ca\/en\/#\/schema\/logo\/image\/"}}]}},"_links":{"self":[{"href":"https:\/\/ampdigital.ca\/en\/wp-json\/wp\/v2\/product\/11564","targetHints":{"allow":["GET"]}}],"collection":[{"href":"https:\/\/ampdigital.ca\/en\/wp-json\/wp\/v2\/product"}],"about":[{"href":"https:\/\/ampdigital.ca\/en\/wp-json\/wp\/v2\/types\/product"}],"wp:attachment":[{"href":"https:\/\/ampdigital.ca\/en\/wp-json\/wp\/v2\/media?parent=11564"}],"wp:term":[{"taxonomy":"product_brand","embeddable":true,"href":"https:\/\/ampdigital.ca\/en\/wp-json\/wp\/v2\/product_brand?post=11564"},{"taxonomy":"product_cat","embeddable":true,"href":"https:\/\/ampdigital.ca\/en\/wp-json\/wp\/v2\/product_cat?post=11564"},{"taxonomy":"product_tag","embeddable":true,"href":"https:\/\/ampdigital.ca\/en\/wp-json\/wp\/v2\/product_tag?post=11564"}],"curies":[{"name":"wp","href":"https:\/\/api.w.org\/{rel}","templated":true}]}}