{"id":8486,"date":"2022-03-24T12:22:49","date_gmt":"2022-03-24T12:22:49","guid":{"rendered":"https:\/\/ampdigital.ca\/?post_type=product&#038;p=8486"},"modified":"2023-01-18T20:50:14","modified_gmt":"2023-01-18T20:50:14","slug":"promotional-flag-base-water-bag","status":"publish","type":"product","link":"https:\/\/ampdigital.ca\/en\/produit\/promotional-flag-base-water-bag\/","title":{"rendered":"Promotional Flag Base Water Bag"},"content":{"rendered":"","protected":false},"excerpt":{"rendered":"<p>Afin d\u2019am\u00e9liorer le contre-poids de votre drapeau, vous pouvez y ajouter des poids sur la base. Ce sac d\u2019eau est facile et l\u00e9ger \u00e0 transporter. Une fois rendu \u00e0 votre \u00e9v\u00e9nement, simplement le remplir et vos drapeaux deviendront beaucoup plus stables.<\/p>\n","protected":false},"featured_media":8481,"template":"","meta":{"_acf_changed":false,"_coblocks_attr":"","_coblocks_dimensions":"","_coblocks_responsive_height":"","_coblocks_accordion_ie_support":"","_crdt_document":""},"product_brand":[],"product_cat":[154,155],"product_tag":[],"class_list":{"0":"post-8486","1":"product","2":"type-product","3":"status-publish","4":"has-post-thumbnail","6":"product_cat-promotionnel","7":"product_cat-drapeau","9":"first","10":"instock","11":"taxable","12":"shipping-taxable","13":"purchasable","14":"product-type-simple"},"acf":[],"yoast_head":"<!-- This site is optimized with the Yoast SEO plugin v27.3 - https:\/\/yoast.com\/product\/yoast-seo-wordpress\/ -->\n<title>Promotional Flag Base Water Bag - AMP Digital Inc.<\/title>\n<meta name=\"robots\" content=\"index, follow, max-snippet:-1, max-image-preview:large, max-video-preview:-1\" \/>\n<link rel=\"canonical\" href=\"https:\/\/ampdigital.ca\/en\/produit\/promotional-flag-base-water-bag\/\" \/>\n<meta property=\"og:locale\" content=\"en_US\" \/>\n<meta property=\"og:type\" content=\"article\" \/>\n<meta property=\"og:title\" content=\"Promotional Flag Base Water Bag - AMP Digital Inc.\" \/>\n<meta property=\"og:description\" content=\"Afin d\u2019am\u00e9liorer le contre-poids de votre drapeau, vous pouvez y ajouter des poids sur la base. Ce sac d\u2019eau est facile et l\u00e9ger \u00e0 transporter. Une fois rendu \u00e0 votre \u00e9v\u00e9nement, simplement le remplir et vos drapeaux deviendront beaucoup plus stables.\" \/>\n<meta property=\"og:url\" content=\"https:\/\/ampdigital.ca\/en\/produit\/promotional-flag-base-water-bag\/\" \/>\n<meta property=\"og:site_name\" content=\"AMP Digital Inc.\" \/>\n<meta property=\"article:modified_time\" content=\"2023-01-18T20:50:14+00:00\" \/>\n<meta property=\"og:image\" content=\"https:\/\/ampdigital.ca\/wp-content\/uploads\/2022\/03\/BaseEau-min.jpg\" \/>\n\t<meta property=\"og:image:width\" content=\"1000\" \/>\n\t<meta property=\"og:image:height\" content=\"1000\" \/>\n\t<meta property=\"og:image:type\" content=\"image\/jpeg\" \/>\n<meta name=\"twitter:card\" content=\"summary_large_image\" \/>\n<script type=\"application\/ld+json\" class=\"yoast-schema-graph\">{\"@context\":\"https:\\\/\\\/schema.org\",\"@graph\":[{\"@type\":\"WebPage\",\"@id\":\"https:\\\/\\\/ampdigital.ca\\\/en\\\/produit\\\/promotional-flag-base-water-bag\\\/\",\"url\":\"https:\\\/\\\/ampdigital.ca\\\/en\\\/produit\\\/promotional-flag-base-water-bag\\\/\",\"name\":\"Promotional Flag Base Water Bag - AMP Digital Inc.\",\"isPartOf\":{\"@id\":\"https:\\\/\\\/ampdigital.ca\\\/en\\\/#website\"},\"primaryImageOfPage\":{\"@id\":\"https:\\\/\\\/ampdigital.ca\\\/en\\\/produit\\\/promotional-flag-base-water-bag\\\/#primaryimage\"},\"image\":{\"@id\":\"https:\\\/\\\/ampdigital.ca\\\/en\\\/produit\\\/promotional-flag-base-water-bag\\\/#primaryimage\"},\"thumbnailUrl\":\"https:\\\/\\\/ampdigital.ca\\\/wp-content\\\/uploads\\\/2022\\\/03\\\/BaseEau-min.jpg\",\"datePublished\":\"2022-03-24T12:22:49+00:00\",\"dateModified\":\"2023-01-18T20:50:14+00:00\",\"breadcrumb\":{\"@id\":\"https:\\\/\\\/ampdigital.ca\\\/en\\\/produit\\\/promotional-flag-base-water-bag\\\/#breadcrumb\"},\"inLanguage\":\"en-US\",\"potentialAction\":[{\"@type\":\"ReadAction\",\"target\":[\"https:\\\/\\\/ampdigital.ca\\\/en\\\/produit\\\/promotional-flag-base-water-bag\\\/\"]}]},{\"@type\":\"ImageObject\",\"inLanguage\":\"en-US\",\"@id\":\"https:\\\/\\\/ampdigital.ca\\\/en\\\/produit\\\/promotional-flag-base-water-bag\\\/#primaryimage\",\"url\":\"https:\\\/\\\/ampdigital.ca\\\/wp-content\\\/uploads\\\/2022\\\/03\\\/BaseEau-min.jpg\",\"contentUrl\":\"https:\\\/\\\/ampdigital.ca\\\/wp-content\\\/uploads\\\/2022\\\/03\\\/BaseEau-min.jpg\",\"width\":1000,\"height\":1000,\"caption\":\"Sac d'eau pour base de drapeau promotionnel\"},{\"@type\":\"BreadcrumbList\",\"@id\":\"https:\\\/\\\/ampdigital.ca\\\/en\\\/produit\\\/promotional-flag-base-water-bag\\\/#breadcrumb\",\"itemListElement\":[{\"@type\":\"ListItem\",\"position\":1,\"name\":\"Home\",\"item\":\"https:\\\/\\\/ampdigital.ca\\\/en\\\/\"},{\"@type\":\"ListItem\",\"position\":2,\"name\":\"Boutique\",\"item\":\"https:\\\/\\\/ampdigital.ca\\\/boutique\\\/\"},{\"@type\":\"ListItem\",\"position\":3,\"name\":\"Promotional Flag Base Water Bag\"}]},{\"@type\":\"WebSite\",\"@id\":\"https:\\\/\\\/ampdigital.ca\\\/en\\\/#website\",\"url\":\"https:\\\/\\\/ampdigital.ca\\\/en\\\/\",\"name\":\"AMP Digital Inc.\",\"description\":\"Digital Agency\",\"publisher\":{\"@id\":\"https:\\\/\\\/ampdigital.ca\\\/en\\\/#organization\"},\"potentialAction\":[{\"@type\":\"SearchAction\",\"target\":{\"@type\":\"EntryPoint\",\"urlTemplate\":\"https:\\\/\\\/ampdigital.ca\\\/en\\\/?s={search_term_string}\"},\"query-input\":{\"@type\":\"PropertyValueSpecification\",\"valueRequired\":true,\"valueName\":\"search_term_string\"}}],\"inLanguage\":\"en-US\"},{\"@type\":\"Organization\",\"@id\":\"https:\\\/\\\/ampdigital.ca\\\/en\\\/#organization\",\"name\":\"AMP Digital Inc.\",\"url\":\"https:\\\/\\\/ampdigital.ca\\\/en\\\/\",\"logo\":{\"@type\":\"ImageObject\",\"inLanguage\":\"en-US\",\"@id\":\"https:\\\/\\\/ampdigital.ca\\\/en\\\/#\\\/schema\\\/logo\\\/image\\\/\",\"url\":\"https:\\\/\\\/i1.wp.com\\\/ampdigital.ca\\\/wp-content\\\/uploads\\\/2020\\\/04\\\/ampdigital_outline-trans-small.png?fit=200%2C114&ssl=1\",\"contentUrl\":\"https:\\\/\\\/i1.wp.com\\\/ampdigital.ca\\\/wp-content\\\/uploads\\\/2020\\\/04\\\/ampdigital_outline-trans-small.png?fit=200%2C114&ssl=1\",\"width\":200,\"height\":114,\"caption\":\"AMP Digital Inc.\"},\"image\":{\"@id\":\"https:\\\/\\\/ampdigital.ca\\\/en\\\/#\\\/schema\\\/logo\\\/image\\\/\"}}]}<\/script>\n<!-- \/ Yoast SEO plugin. -->","yoast_head_json":{"title":"Promotional Flag Base Water Bag - AMP Digital Inc.","robots":{"index":"index","follow":"follow","max-snippet":"max-snippet:-1","max-image-preview":"max-image-preview:large","max-video-preview":"max-video-preview:-1"},"canonical":"https:\/\/ampdigital.ca\/en\/produit\/promotional-flag-base-water-bag\/","og_locale":"en_US","og_type":"article","og_title":"Promotional Flag Base Water Bag - AMP Digital Inc.","og_description":"Afin d\u2019am\u00e9liorer le contre-poids de votre drapeau, vous pouvez y ajouter des poids sur la base. Ce sac d\u2019eau est facile et l\u00e9ger \u00e0 transporter. Une fois rendu \u00e0 votre \u00e9v\u00e9nement, simplement le remplir et vos drapeaux deviendront beaucoup plus stables.","og_url":"https:\/\/ampdigital.ca\/en\/produit\/promotional-flag-base-water-bag\/","og_site_name":"AMP Digital Inc.","article_modified_time":"2023-01-18T20:50:14+00:00","og_image":[{"width":1000,"height":1000,"url":"https:\/\/ampdigital.ca\/wp-content\/uploads\/2022\/03\/BaseEau-min.jpg","type":"image\/jpeg"}],"twitter_card":"summary_large_image","schema":{"@context":"https:\/\/schema.org","@graph":[{"@type":"WebPage","@id":"https:\/\/ampdigital.ca\/en\/produit\/promotional-flag-base-water-bag\/","url":"https:\/\/ampdigital.ca\/en\/produit\/promotional-flag-base-water-bag\/","name":"Promotional Flag Base Water Bag - AMP Digital Inc.","isPartOf":{"@id":"https:\/\/ampdigital.ca\/en\/#website"},"primaryImageOfPage":{"@id":"https:\/\/ampdigital.ca\/en\/produit\/promotional-flag-base-water-bag\/#primaryimage"},"image":{"@id":"https:\/\/ampdigital.ca\/en\/produit\/promotional-flag-base-water-bag\/#primaryimage"},"thumbnailUrl":"https:\/\/ampdigital.ca\/wp-content\/uploads\/2022\/03\/BaseEau-min.jpg","datePublished":"2022-03-24T12:22:49+00:00","dateModified":"2023-01-18T20:50:14+00:00","breadcrumb":{"@id":"https:\/\/ampdigital.ca\/en\/produit\/promotional-flag-base-water-bag\/#breadcrumb"},"inLanguage":"en-US","potentialAction":[{"@type":"ReadAction","target":["https:\/\/ampdigital.ca\/en\/produit\/promotional-flag-base-water-bag\/"]}]},{"@type":"ImageObject","inLanguage":"en-US","@id":"https:\/\/ampdigital.ca\/en\/produit\/promotional-flag-base-water-bag\/#primaryimage","url":"https:\/\/ampdigital.ca\/wp-content\/uploads\/2022\/03\/BaseEau-min.jpg","contentUrl":"https:\/\/ampdigital.ca\/wp-content\/uploads\/2022\/03\/BaseEau-min.jpg","width":1000,"height":1000,"caption":"Sac d'eau pour base de drapeau promotionnel"},{"@type":"BreadcrumbList","@id":"https:\/\/ampdigital.ca\/en\/produit\/promotional-flag-base-water-bag\/#breadcrumb","itemListElement":[{"@type":"ListItem","position":1,"name":"Home","item":"https:\/\/ampdigital.ca\/en\/"},{"@type":"ListItem","position":2,"name":"Boutique","item":"https:\/\/ampdigital.ca\/boutique\/"},{"@type":"ListItem","position":3,"name":"Promotional Flag Base Water Bag"}]},{"@type":"WebSite","@id":"https:\/\/ampdigital.ca\/en\/#website","url":"https:\/\/ampdigital.ca\/en\/","name":"AMP Digital Inc.","description":"Digital Agency","publisher":{"@id":"https:\/\/ampdigital.ca\/en\/#organization"},"potentialAction":[{"@type":"SearchAction","target":{"@type":"EntryPoint","urlTemplate":"https:\/\/ampdigital.ca\/en\/?s={search_term_string}"},"query-input":{"@type":"PropertyValueSpecification","valueRequired":true,"valueName":"search_term_string"}}],"inLanguage":"en-US"},{"@type":"Organization","@id":"https:\/\/ampdigital.ca\/en\/#organization","name":"AMP Digital Inc.","url":"https:\/\/ampdigital.ca\/en\/","logo":{"@type":"ImageObject","inLanguage":"en-US","@id":"https:\/\/ampdigital.ca\/en\/#\/schema\/logo\/image\/","url":"https:\/\/i1.wp.com\/ampdigital.ca\/wp-content\/uploads\/2020\/04\/ampdigital_outline-trans-small.png?fit=200%2C114&ssl=1","contentUrl":"https:\/\/i1.wp.com\/ampdigital.ca\/wp-content\/uploads\/2020\/04\/ampdigital_outline-trans-small.png?fit=200%2C114&ssl=1","width":200,"height":114,"caption":"AMP Digital Inc."},"image":{"@id":"https:\/\/ampdigital.ca\/en\/#\/schema\/logo\/image\/"}}]}},"_links":{"self":[{"href":"https:\/\/ampdigital.ca\/en\/wp-json\/wp\/v2\/product\/8486","targetHints":{"allow":["GET"]}}],"collection":[{"href":"https:\/\/ampdigital.ca\/en\/wp-json\/wp\/v2\/product"}],"about":[{"href":"https:\/\/ampdigital.ca\/en\/wp-json\/wp\/v2\/types\/product"}],"wp:featuredmedia":[{"embeddable":true,"href":"https:\/\/ampdigital.ca\/en\/wp-json\/wp\/v2\/media\/8481"}],"wp:attachment":[{"href":"https:\/\/ampdigital.ca\/en\/wp-json\/wp\/v2\/media?parent=8486"}],"wp:term":[{"taxonomy":"product_brand","embeddable":true,"href":"https:\/\/ampdigital.ca\/en\/wp-json\/wp\/v2\/product_brand?post=8486"},{"taxonomy":"product_cat","embeddable":true,"href":"https:\/\/ampdigital.ca\/en\/wp-json\/wp\/v2\/product_cat?post=8486"},{"taxonomy":"product_tag","embeddable":true,"href":"https:\/\/ampdigital.ca\/en\/wp-json\/wp\/v2\/product_tag?post=8486"}],"curies":[{"name":"wp","href":"https:\/\/api.w.org\/{rel}","templated":true}]}}