{"id":8487,"date":"2022-03-24T12:28:20","date_gmt":"2022-03-24T12:28:20","guid":{"rendered":"https:\/\/ampdigital.ca\/?post_type=product&#038;p=8487"},"modified":"2023-01-18T20:49:17","modified_gmt":"2023-01-18T20:49:17","slug":"base-pieu-base-de-drapeau-promotionnel","status":"publish","type":"product","link":"https:\/\/ampdigital.ca\/en\/produit\/base-pieu-base-de-drapeau-promotionnel\/","title":{"rendered":"Base pieu base de drapeau promotionnel"},"content":{"rendered":"","protected":false},"excerpt":{"rendered":"<p>Cette base form\u00e9e d\u2019un pieu vous permet de planter vos drapeaux promotionnels dans les surfaces comme du gazon, sable et autre. Une fois bien install\u00e9, il y a tr\u00e8s peu de chance que votre drapeau ne tombe. Cette option est tr\u00e8s bonne pour l\u2019ext\u00e9rieur mais pas pour l\u2019int\u00e9rieur. On vous sugg\u00e8re d\u2019amener un outil pour enfoncer le pieu dans le sol comme un marteau, une petite masse\u2026<\/p>\n","protected":false},"featured_media":8483,"template":"","meta":{"_acf_changed":false,"_coblocks_attr":"","_coblocks_dimensions":"","_coblocks_responsive_height":"","_coblocks_accordion_ie_support":"","_crdt_document":""},"product_brand":[],"product_cat":[154,155],"product_tag":[],"class_list":{"0":"post-8487","1":"product","2":"type-product","3":"status-publish","4":"has-post-thumbnail","6":"product_cat-promotionnel","7":"product_cat-drapeau","9":"first","10":"instock","11":"taxable","12":"shipping-taxable","13":"purchasable","14":"product-type-simple"},"acf":[],"yoast_head":"<!-- This site is optimized with the Yoast SEO plugin v27.3 - https:\/\/yoast.com\/product\/yoast-seo-wordpress\/ -->\n<title>Base pieu base de drapeau promotionnel - AMP Digital Inc.<\/title>\n<meta name=\"robots\" content=\"index, follow, max-snippet:-1, max-image-preview:large, max-video-preview:-1\" \/>\n<link rel=\"canonical\" href=\"https:\/\/ampdigital.ca\/en\/produit\/base-pieu-base-de-drapeau-promotionnel\/\" \/>\n<meta property=\"og:locale\" content=\"en_US\" \/>\n<meta property=\"og:type\" content=\"article\" \/>\n<meta property=\"og:title\" content=\"Base pieu base de drapeau promotionnel - AMP Digital Inc.\" \/>\n<meta property=\"og:description\" content=\"Cette base form\u00e9e d\u2019un pieu vous permet de planter vos drapeaux promotionnels dans les surfaces comme du gazon, sable et autre. Une fois bien install\u00e9, il y a tr\u00e8s peu de chance que votre drapeau ne tombe. Cette option est tr\u00e8s bonne pour l\u2019ext\u00e9rieur mais pas pour l\u2019int\u00e9rieur. On vous sugg\u00e8re d\u2019amener un outil pour enfoncer le pieu dans le sol comme un marteau, une petite masse\u2026\" \/>\n<meta property=\"og:url\" content=\"https:\/\/ampdigital.ca\/en\/produit\/base-pieu-base-de-drapeau-promotionnel\/\" \/>\n<meta property=\"og:site_name\" content=\"AMP Digital Inc.\" \/>\n<meta property=\"article:modified_time\" content=\"2023-01-18T20:49:17+00:00\" \/>\n<meta property=\"og:image\" content=\"https:\/\/ampdigital.ca\/wp-content\/uploads\/2022\/03\/Image501-min.jpg\" \/>\n\t<meta property=\"og:image:width\" content=\"1000\" \/>\n\t<meta property=\"og:image:height\" content=\"1000\" \/>\n\t<meta property=\"og:image:type\" content=\"image\/jpeg\" \/>\n<meta name=\"twitter:card\" content=\"summary_large_image\" \/>\n<script type=\"application\/ld+json\" class=\"yoast-schema-graph\">{\"@context\":\"https:\\\/\\\/schema.org\",\"@graph\":[{\"@type\":\"WebPage\",\"@id\":\"https:\\\/\\\/ampdigital.ca\\\/en\\\/produit\\\/base-pieu-base-de-drapeau-promotionnel\\\/\",\"url\":\"https:\\\/\\\/ampdigital.ca\\\/en\\\/produit\\\/base-pieu-base-de-drapeau-promotionnel\\\/\",\"name\":\"Base pieu base de drapeau promotionnel - AMP Digital Inc.\",\"isPartOf\":{\"@id\":\"https:\\\/\\\/ampdigital.ca\\\/en\\\/#website\"},\"primaryImageOfPage\":{\"@id\":\"https:\\\/\\\/ampdigital.ca\\\/en\\\/produit\\\/base-pieu-base-de-drapeau-promotionnel\\\/#primaryimage\"},\"image\":{\"@id\":\"https:\\\/\\\/ampdigital.ca\\\/en\\\/produit\\\/base-pieu-base-de-drapeau-promotionnel\\\/#primaryimage\"},\"thumbnailUrl\":\"https:\\\/\\\/ampdigital.ca\\\/wp-content\\\/uploads\\\/2022\\\/03\\\/Image501-min.jpg\",\"datePublished\":\"2022-03-24T12:28:20+00:00\",\"dateModified\":\"2023-01-18T20:49:17+00:00\",\"breadcrumb\":{\"@id\":\"https:\\\/\\\/ampdigital.ca\\\/en\\\/produit\\\/base-pieu-base-de-drapeau-promotionnel\\\/#breadcrumb\"},\"inLanguage\":\"en-US\",\"potentialAction\":[{\"@type\":\"ReadAction\",\"target\":[\"https:\\\/\\\/ampdigital.ca\\\/en\\\/produit\\\/base-pieu-base-de-drapeau-promotionnel\\\/\"]}]},{\"@type\":\"ImageObject\",\"inLanguage\":\"en-US\",\"@id\":\"https:\\\/\\\/ampdigital.ca\\\/en\\\/produit\\\/base-pieu-base-de-drapeau-promotionnel\\\/#primaryimage\",\"url\":\"https:\\\/\\\/ampdigital.ca\\\/wp-content\\\/uploads\\\/2022\\\/03\\\/Image501-min.jpg\",\"contentUrl\":\"https:\\\/\\\/ampdigital.ca\\\/wp-content\\\/uploads\\\/2022\\\/03\\\/Image501-min.jpg\",\"width\":1000,\"height\":1000,\"caption\":\"Base pieu base de drapeau promotionnel\"},{\"@type\":\"BreadcrumbList\",\"@id\":\"https:\\\/\\\/ampdigital.ca\\\/en\\\/produit\\\/base-pieu-base-de-drapeau-promotionnel\\\/#breadcrumb\",\"itemListElement\":[{\"@type\":\"ListItem\",\"position\":1,\"name\":\"Home\",\"item\":\"https:\\\/\\\/ampdigital.ca\\\/en\\\/\"},{\"@type\":\"ListItem\",\"position\":2,\"name\":\"Boutique\",\"item\":\"https:\\\/\\\/ampdigital.ca\\\/boutique\\\/\"},{\"@type\":\"ListItem\",\"position\":3,\"name\":\"Base pieu base de drapeau promotionnel\"}]},{\"@type\":\"WebSite\",\"@id\":\"https:\\\/\\\/ampdigital.ca\\\/en\\\/#website\",\"url\":\"https:\\\/\\\/ampdigital.ca\\\/en\\\/\",\"name\":\"AMP Digital Inc.\",\"description\":\"Digital Agency\",\"publisher\":{\"@id\":\"https:\\\/\\\/ampdigital.ca\\\/en\\\/#organization\"},\"potentialAction\":[{\"@type\":\"SearchAction\",\"target\":{\"@type\":\"EntryPoint\",\"urlTemplate\":\"https:\\\/\\\/ampdigital.ca\\\/en\\\/?s={search_term_string}\"},\"query-input\":{\"@type\":\"PropertyValueSpecification\",\"valueRequired\":true,\"valueName\":\"search_term_string\"}}],\"inLanguage\":\"en-US\"},{\"@type\":\"Organization\",\"@id\":\"https:\\\/\\\/ampdigital.ca\\\/en\\\/#organization\",\"name\":\"AMP Digital Inc.\",\"url\":\"https:\\\/\\\/ampdigital.ca\\\/en\\\/\",\"logo\":{\"@type\":\"ImageObject\",\"inLanguage\":\"en-US\",\"@id\":\"https:\\\/\\\/ampdigital.ca\\\/en\\\/#\\\/schema\\\/logo\\\/image\\\/\",\"url\":\"https:\\\/\\\/i1.wp.com\\\/ampdigital.ca\\\/wp-content\\\/uploads\\\/2020\\\/04\\\/ampdigital_outline-trans-small.png?fit=200%2C114&ssl=1\",\"contentUrl\":\"https:\\\/\\\/i1.wp.com\\\/ampdigital.ca\\\/wp-content\\\/uploads\\\/2020\\\/04\\\/ampdigital_outline-trans-small.png?fit=200%2C114&ssl=1\",\"width\":200,\"height\":114,\"caption\":\"AMP Digital Inc.\"},\"image\":{\"@id\":\"https:\\\/\\\/ampdigital.ca\\\/en\\\/#\\\/schema\\\/logo\\\/image\\\/\"}}]}<\/script>\n<!-- \/ Yoast SEO plugin. -->","yoast_head_json":{"title":"Base pieu base de drapeau promotionnel - AMP Digital Inc.","robots":{"index":"index","follow":"follow","max-snippet":"max-snippet:-1","max-image-preview":"max-image-preview:large","max-video-preview":"max-video-preview:-1"},"canonical":"https:\/\/ampdigital.ca\/en\/produit\/base-pieu-base-de-drapeau-promotionnel\/","og_locale":"en_US","og_type":"article","og_title":"Base pieu base de drapeau promotionnel - AMP Digital Inc.","og_description":"Cette base form\u00e9e d\u2019un pieu vous permet de planter vos drapeaux promotionnels dans les surfaces comme du gazon, sable et autre. Une fois bien install\u00e9, il y a tr\u00e8s peu de chance que votre drapeau ne tombe. Cette option est tr\u00e8s bonne pour l\u2019ext\u00e9rieur mais pas pour l\u2019int\u00e9rieur. On vous sugg\u00e8re d\u2019amener un outil pour enfoncer le pieu dans le sol comme un marteau, une petite masse\u2026","og_url":"https:\/\/ampdigital.ca\/en\/produit\/base-pieu-base-de-drapeau-promotionnel\/","og_site_name":"AMP Digital Inc.","article_modified_time":"2023-01-18T20:49:17+00:00","og_image":[{"width":1000,"height":1000,"url":"https:\/\/ampdigital.ca\/wp-content\/uploads\/2022\/03\/Image501-min.jpg","type":"image\/jpeg"}],"twitter_card":"summary_large_image","schema":{"@context":"https:\/\/schema.org","@graph":[{"@type":"WebPage","@id":"https:\/\/ampdigital.ca\/en\/produit\/base-pieu-base-de-drapeau-promotionnel\/","url":"https:\/\/ampdigital.ca\/en\/produit\/base-pieu-base-de-drapeau-promotionnel\/","name":"Base pieu base de drapeau promotionnel - AMP Digital Inc.","isPartOf":{"@id":"https:\/\/ampdigital.ca\/en\/#website"},"primaryImageOfPage":{"@id":"https:\/\/ampdigital.ca\/en\/produit\/base-pieu-base-de-drapeau-promotionnel\/#primaryimage"},"image":{"@id":"https:\/\/ampdigital.ca\/en\/produit\/base-pieu-base-de-drapeau-promotionnel\/#primaryimage"},"thumbnailUrl":"https:\/\/ampdigital.ca\/wp-content\/uploads\/2022\/03\/Image501-min.jpg","datePublished":"2022-03-24T12:28:20+00:00","dateModified":"2023-01-18T20:49:17+00:00","breadcrumb":{"@id":"https:\/\/ampdigital.ca\/en\/produit\/base-pieu-base-de-drapeau-promotionnel\/#breadcrumb"},"inLanguage":"en-US","potentialAction":[{"@type":"ReadAction","target":["https:\/\/ampdigital.ca\/en\/produit\/base-pieu-base-de-drapeau-promotionnel\/"]}]},{"@type":"ImageObject","inLanguage":"en-US","@id":"https:\/\/ampdigital.ca\/en\/produit\/base-pieu-base-de-drapeau-promotionnel\/#primaryimage","url":"https:\/\/ampdigital.ca\/wp-content\/uploads\/2022\/03\/Image501-min.jpg","contentUrl":"https:\/\/ampdigital.ca\/wp-content\/uploads\/2022\/03\/Image501-min.jpg","width":1000,"height":1000,"caption":"Base pieu base de drapeau promotionnel"},{"@type":"BreadcrumbList","@id":"https:\/\/ampdigital.ca\/en\/produit\/base-pieu-base-de-drapeau-promotionnel\/#breadcrumb","itemListElement":[{"@type":"ListItem","position":1,"name":"Home","item":"https:\/\/ampdigital.ca\/en\/"},{"@type":"ListItem","position":2,"name":"Boutique","item":"https:\/\/ampdigital.ca\/boutique\/"},{"@type":"ListItem","position":3,"name":"Base pieu base de drapeau promotionnel"}]},{"@type":"WebSite","@id":"https:\/\/ampdigital.ca\/en\/#website","url":"https:\/\/ampdigital.ca\/en\/","name":"AMP Digital Inc.","description":"Digital Agency","publisher":{"@id":"https:\/\/ampdigital.ca\/en\/#organization"},"potentialAction":[{"@type":"SearchAction","target":{"@type":"EntryPoint","urlTemplate":"https:\/\/ampdigital.ca\/en\/?s={search_term_string}"},"query-input":{"@type":"PropertyValueSpecification","valueRequired":true,"valueName":"search_term_string"}}],"inLanguage":"en-US"},{"@type":"Organization","@id":"https:\/\/ampdigital.ca\/en\/#organization","name":"AMP Digital Inc.","url":"https:\/\/ampdigital.ca\/en\/","logo":{"@type":"ImageObject","inLanguage":"en-US","@id":"https:\/\/ampdigital.ca\/en\/#\/schema\/logo\/image\/","url":"https:\/\/i1.wp.com\/ampdigital.ca\/wp-content\/uploads\/2020\/04\/ampdigital_outline-trans-small.png?fit=200%2C114&ssl=1","contentUrl":"https:\/\/i1.wp.com\/ampdigital.ca\/wp-content\/uploads\/2020\/04\/ampdigital_outline-trans-small.png?fit=200%2C114&ssl=1","width":200,"height":114,"caption":"AMP Digital Inc."},"image":{"@id":"https:\/\/ampdigital.ca\/en\/#\/schema\/logo\/image\/"}}]}},"_links":{"self":[{"href":"https:\/\/ampdigital.ca\/en\/wp-json\/wp\/v2\/product\/8487","targetHints":{"allow":["GET"]}}],"collection":[{"href":"https:\/\/ampdigital.ca\/en\/wp-json\/wp\/v2\/product"}],"about":[{"href":"https:\/\/ampdigital.ca\/en\/wp-json\/wp\/v2\/types\/product"}],"wp:featuredmedia":[{"embeddable":true,"href":"https:\/\/ampdigital.ca\/en\/wp-json\/wp\/v2\/media\/8483"}],"wp:attachment":[{"href":"https:\/\/ampdigital.ca\/en\/wp-json\/wp\/v2\/media?parent=8487"}],"wp:term":[{"taxonomy":"product_brand","embeddable":true,"href":"https:\/\/ampdigital.ca\/en\/wp-json\/wp\/v2\/product_brand?post=8487"},{"taxonomy":"product_cat","embeddable":true,"href":"https:\/\/ampdigital.ca\/en\/wp-json\/wp\/v2\/product_cat?post=8487"},{"taxonomy":"product_tag","embeddable":true,"href":"https:\/\/ampdigital.ca\/en\/wp-json\/wp\/v2\/product_tag?post=8487"}],"curies":[{"name":"wp","href":"https:\/\/api.w.org\/{rel}","templated":true}]}}