{"id":8577,"date":"2022-04-25T12:23:31","date_gmt":"2022-04-25T12:23:31","guid":{"rendered":"https:\/\/ampdigital.ca\/?post_type=product&#038;p=8577"},"modified":"2023-01-19T13:27:26","modified_gmt":"2023-01-19T13:27:26","slug":"comptoir-promotionnel-arrondi","status":"publish","type":"product","link":"https:\/\/ampdigital.ca\/en\/produit\/comptoir-promotionnel-arrondi\/","title":{"rendered":"Comptoir promotionnel arrondi"},"content":{"rendered":"<ul>\n<li>Les dimensions sont 32&#8243; X 21&#8243; par 40&#8243; de hauteur<\/li>\n<li>Le Tissu est du Polyester 210g et est imprim\u00e9 en sublimation<\/li>\n<li>La base est fait de m\u00e9lamine<\/li>\n<li>Le comptoir vient avec son sac de transport<\/li>\n<li>Temps de production : 2 \u00e0 3 semaines<\/li>\n<\/ul>\n<p><a href=\"https:\/\/ampdigital.ca\/wp-content\/uploads\/2020\/02\/comptoir_ext_rectangle.pdf\">*T\u00e9l\u00e9chargez le Gabarit pour y ajouter votre design \u00e0 imprimer<\/a><\/p>\n","protected":false},"excerpt":{"rendered":"<p>Ce comptoir d&#8217;accueil personnalis\u00e9 \u00e0 une forme arrondie ce qui lui donne une allure moderne et dynamique! La struture est stable et l\u00e9g\u00e8re, ce qui la rend parfaite pour vos \u00e9v\u00e9nements promotionnels sur la route! Gr\u00e2ce \u00e0 l&#8217;impression personnalis\u00e9, nous pouvons lui donner l&#8217;apparence que vous d\u00e9sirez pour vous aider \u00e0 attirer vos prochain clients!<\/p>\n","protected":false},"featured_media":8579,"template":"","meta":{"_acf_changed":false,"_coblocks_attr":"","_coblocks_dimensions":"","_coblocks_responsive_height":"","_coblocks_accordion_ie_support":"","_crdt_document":""},"product_brand":[],"product_cat":[154,513],"product_tag":[],"class_list":{"0":"post-8577","1":"product","2":"type-product","3":"status-publish","4":"has-post-thumbnail","6":"product_cat-promotionnel","7":"product_cat-meublier","9":"first","10":"instock","11":"taxable","12":"shipping-taxable","13":"purchasable","14":"product-type-simple"},"acf":[],"yoast_head":"<!-- This site is optimized with the Yoast SEO plugin v27.3 - https:\/\/yoast.com\/product\/yoast-seo-wordpress\/ -->\n<title>Comptoir promotionnel arrondi - AMP Digital Inc.<\/title>\n<meta name=\"robots\" content=\"index, follow, max-snippet:-1, max-image-preview:large, max-video-preview:-1\" \/>\n<link rel=\"canonical\" href=\"https:\/\/ampdigital.ca\/en\/produit\/comptoir-promotionnel-arrondi\/\" \/>\n<meta property=\"og:locale\" content=\"en_US\" \/>\n<meta property=\"og:type\" content=\"article\" \/>\n<meta property=\"og:title\" content=\"Comptoir promotionnel arrondi - AMP Digital Inc.\" \/>\n<meta property=\"og:description\" content=\"Ce comptoir d&#039;accueil personnalis\u00e9 \u00e0 une forme arrondie ce qui lui donne une allure moderne et dynamique! La struture est stable et l\u00e9g\u00e8re, ce qui la rend parfaite pour vos \u00e9v\u00e9nements promotionnels sur la route! Gr\u00e2ce \u00e0 l&#039;impression personnalis\u00e9, nous pouvons lui donner l&#039;apparence que vous d\u00e9sirez pour vous aider \u00e0 attirer vos prochain clients!\" \/>\n<meta property=\"og:url\" content=\"https:\/\/ampdigital.ca\/en\/produit\/comptoir-promotionnel-arrondi\/\" \/>\n<meta property=\"og:site_name\" content=\"AMP Digital Inc.\" \/>\n<meta property=\"article:modified_time\" content=\"2023-01-19T13:27:26+00:00\" \/>\n<meta property=\"og:image\" content=\"https:\/\/ampdigital.ca\/wp-content\/uploads\/2022\/04\/Comptoir-arrondi-min.jpg\" \/>\n\t<meta property=\"og:image:width\" content=\"1000\" \/>\n\t<meta property=\"og:image:height\" content=\"1000\" \/>\n\t<meta property=\"og:image:type\" content=\"image\/jpeg\" \/>\n<meta name=\"twitter:card\" content=\"summary_large_image\" \/>\n<meta name=\"twitter:label1\" content=\"Est. reading time\" \/>\n\t<meta name=\"twitter:data1\" content=\"1 minute\" \/>\n<script type=\"application\/ld+json\" class=\"yoast-schema-graph\">{\"@context\":\"https:\\\/\\\/schema.org\",\"@graph\":[{\"@type\":\"WebPage\",\"@id\":\"https:\\\/\\\/ampdigital.ca\\\/en\\\/produit\\\/comptoir-promotionnel-arrondi\\\/\",\"url\":\"https:\\\/\\\/ampdigital.ca\\\/en\\\/produit\\\/comptoir-promotionnel-arrondi\\\/\",\"name\":\"Comptoir promotionnel arrondi - AMP Digital Inc.\",\"isPartOf\":{\"@id\":\"https:\\\/\\\/ampdigital.ca\\\/en\\\/#website\"},\"primaryImageOfPage\":{\"@id\":\"https:\\\/\\\/ampdigital.ca\\\/en\\\/produit\\\/comptoir-promotionnel-arrondi\\\/#primaryimage\"},\"image\":{\"@id\":\"https:\\\/\\\/ampdigital.ca\\\/en\\\/produit\\\/comptoir-promotionnel-arrondi\\\/#primaryimage\"},\"thumbnailUrl\":\"https:\\\/\\\/ampdigital.ca\\\/wp-content\\\/uploads\\\/2022\\\/04\\\/Comptoir-arrondi-min.jpg\",\"datePublished\":\"2022-04-25T12:23:31+00:00\",\"dateModified\":\"2023-01-19T13:27:26+00:00\",\"breadcrumb\":{\"@id\":\"https:\\\/\\\/ampdigital.ca\\\/en\\\/produit\\\/comptoir-promotionnel-arrondi\\\/#breadcrumb\"},\"inLanguage\":\"en-US\",\"potentialAction\":[{\"@type\":\"ReadAction\",\"target\":[\"https:\\\/\\\/ampdigital.ca\\\/en\\\/produit\\\/comptoir-promotionnel-arrondi\\\/\"]}]},{\"@type\":\"ImageObject\",\"inLanguage\":\"en-US\",\"@id\":\"https:\\\/\\\/ampdigital.ca\\\/en\\\/produit\\\/comptoir-promotionnel-arrondi\\\/#primaryimage\",\"url\":\"https:\\\/\\\/ampdigital.ca\\\/wp-content\\\/uploads\\\/2022\\\/04\\\/Comptoir-arrondi-min.jpg\",\"contentUrl\":\"https:\\\/\\\/ampdigital.ca\\\/wp-content\\\/uploads\\\/2022\\\/04\\\/Comptoir-arrondi-min.jpg\",\"width\":1000,\"height\":1000,\"caption\":\"Comptoir d'accueil personnalis\u00e9 arrondi\"},{\"@type\":\"BreadcrumbList\",\"@id\":\"https:\\\/\\\/ampdigital.ca\\\/en\\\/produit\\\/comptoir-promotionnel-arrondi\\\/#breadcrumb\",\"itemListElement\":[{\"@type\":\"ListItem\",\"position\":1,\"name\":\"Home\",\"item\":\"https:\\\/\\\/ampdigital.ca\\\/en\\\/\"},{\"@type\":\"ListItem\",\"position\":2,\"name\":\"Boutique\",\"item\":\"https:\\\/\\\/ampdigital.ca\\\/boutique\\\/\"},{\"@type\":\"ListItem\",\"position\":3,\"name\":\"Comptoir promotionnel arrondi\"}]},{\"@type\":\"WebSite\",\"@id\":\"https:\\\/\\\/ampdigital.ca\\\/en\\\/#website\",\"url\":\"https:\\\/\\\/ampdigital.ca\\\/en\\\/\",\"name\":\"AMP Digital Inc.\",\"description\":\"Digital Agency\",\"publisher\":{\"@id\":\"https:\\\/\\\/ampdigital.ca\\\/en\\\/#organization\"},\"potentialAction\":[{\"@type\":\"SearchAction\",\"target\":{\"@type\":\"EntryPoint\",\"urlTemplate\":\"https:\\\/\\\/ampdigital.ca\\\/en\\\/?s={search_term_string}\"},\"query-input\":{\"@type\":\"PropertyValueSpecification\",\"valueRequired\":true,\"valueName\":\"search_term_string\"}}],\"inLanguage\":\"en-US\"},{\"@type\":\"Organization\",\"@id\":\"https:\\\/\\\/ampdigital.ca\\\/en\\\/#organization\",\"name\":\"AMP Digital Inc.\",\"url\":\"https:\\\/\\\/ampdigital.ca\\\/en\\\/\",\"logo\":{\"@type\":\"ImageObject\",\"inLanguage\":\"en-US\",\"@id\":\"https:\\\/\\\/ampdigital.ca\\\/en\\\/#\\\/schema\\\/logo\\\/image\\\/\",\"url\":\"https:\\\/\\\/i1.wp.com\\\/ampdigital.ca\\\/wp-content\\\/uploads\\\/2020\\\/04\\\/ampdigital_outline-trans-small.png?fit=200%2C114&ssl=1\",\"contentUrl\":\"https:\\\/\\\/i1.wp.com\\\/ampdigital.ca\\\/wp-content\\\/uploads\\\/2020\\\/04\\\/ampdigital_outline-trans-small.png?fit=200%2C114&ssl=1\",\"width\":200,\"height\":114,\"caption\":\"AMP Digital Inc.\"},\"image\":{\"@id\":\"https:\\\/\\\/ampdigital.ca\\\/en\\\/#\\\/schema\\\/logo\\\/image\\\/\"}}]}<\/script>\n<!-- \/ Yoast SEO plugin. -->","yoast_head_json":{"title":"Comptoir promotionnel arrondi - AMP Digital Inc.","robots":{"index":"index","follow":"follow","max-snippet":"max-snippet:-1","max-image-preview":"max-image-preview:large","max-video-preview":"max-video-preview:-1"},"canonical":"https:\/\/ampdigital.ca\/en\/produit\/comptoir-promotionnel-arrondi\/","og_locale":"en_US","og_type":"article","og_title":"Comptoir promotionnel arrondi - AMP Digital Inc.","og_description":"Ce comptoir d'accueil personnalis\u00e9 \u00e0 une forme arrondie ce qui lui donne une allure moderne et dynamique! La struture est stable et l\u00e9g\u00e8re, ce qui la rend parfaite pour vos \u00e9v\u00e9nements promotionnels sur la route! Gr\u00e2ce \u00e0 l'impression personnalis\u00e9, nous pouvons lui donner l'apparence que vous d\u00e9sirez pour vous aider \u00e0 attirer vos prochain clients!","og_url":"https:\/\/ampdigital.ca\/en\/produit\/comptoir-promotionnel-arrondi\/","og_site_name":"AMP Digital Inc.","article_modified_time":"2023-01-19T13:27:26+00:00","og_image":[{"width":1000,"height":1000,"url":"https:\/\/ampdigital.ca\/wp-content\/uploads\/2022\/04\/Comptoir-arrondi-min.jpg","type":"image\/jpeg"}],"twitter_card":"summary_large_image","twitter_misc":{"Est. reading time":"1 minute"},"schema":{"@context":"https:\/\/schema.org","@graph":[{"@type":"WebPage","@id":"https:\/\/ampdigital.ca\/en\/produit\/comptoir-promotionnel-arrondi\/","url":"https:\/\/ampdigital.ca\/en\/produit\/comptoir-promotionnel-arrondi\/","name":"Comptoir promotionnel arrondi - AMP Digital Inc.","isPartOf":{"@id":"https:\/\/ampdigital.ca\/en\/#website"},"primaryImageOfPage":{"@id":"https:\/\/ampdigital.ca\/en\/produit\/comptoir-promotionnel-arrondi\/#primaryimage"},"image":{"@id":"https:\/\/ampdigital.ca\/en\/produit\/comptoir-promotionnel-arrondi\/#primaryimage"},"thumbnailUrl":"https:\/\/ampdigital.ca\/wp-content\/uploads\/2022\/04\/Comptoir-arrondi-min.jpg","datePublished":"2022-04-25T12:23:31+00:00","dateModified":"2023-01-19T13:27:26+00:00","breadcrumb":{"@id":"https:\/\/ampdigital.ca\/en\/produit\/comptoir-promotionnel-arrondi\/#breadcrumb"},"inLanguage":"en-US","potentialAction":[{"@type":"ReadAction","target":["https:\/\/ampdigital.ca\/en\/produit\/comptoir-promotionnel-arrondi\/"]}]},{"@type":"ImageObject","inLanguage":"en-US","@id":"https:\/\/ampdigital.ca\/en\/produit\/comptoir-promotionnel-arrondi\/#primaryimage","url":"https:\/\/ampdigital.ca\/wp-content\/uploads\/2022\/04\/Comptoir-arrondi-min.jpg","contentUrl":"https:\/\/ampdigital.ca\/wp-content\/uploads\/2022\/04\/Comptoir-arrondi-min.jpg","width":1000,"height":1000,"caption":"Comptoir d'accueil personnalis\u00e9 arrondi"},{"@type":"BreadcrumbList","@id":"https:\/\/ampdigital.ca\/en\/produit\/comptoir-promotionnel-arrondi\/#breadcrumb","itemListElement":[{"@type":"ListItem","position":1,"name":"Home","item":"https:\/\/ampdigital.ca\/en\/"},{"@type":"ListItem","position":2,"name":"Boutique","item":"https:\/\/ampdigital.ca\/boutique\/"},{"@type":"ListItem","position":3,"name":"Comptoir promotionnel arrondi"}]},{"@type":"WebSite","@id":"https:\/\/ampdigital.ca\/en\/#website","url":"https:\/\/ampdigital.ca\/en\/","name":"AMP Digital Inc.","description":"Digital Agency","publisher":{"@id":"https:\/\/ampdigital.ca\/en\/#organization"},"potentialAction":[{"@type":"SearchAction","target":{"@type":"EntryPoint","urlTemplate":"https:\/\/ampdigital.ca\/en\/?s={search_term_string}"},"query-input":{"@type":"PropertyValueSpecification","valueRequired":true,"valueName":"search_term_string"}}],"inLanguage":"en-US"},{"@type":"Organization","@id":"https:\/\/ampdigital.ca\/en\/#organization","name":"AMP Digital Inc.","url":"https:\/\/ampdigital.ca\/en\/","logo":{"@type":"ImageObject","inLanguage":"en-US","@id":"https:\/\/ampdigital.ca\/en\/#\/schema\/logo\/image\/","url":"https:\/\/i1.wp.com\/ampdigital.ca\/wp-content\/uploads\/2020\/04\/ampdigital_outline-trans-small.png?fit=200%2C114&ssl=1","contentUrl":"https:\/\/i1.wp.com\/ampdigital.ca\/wp-content\/uploads\/2020\/04\/ampdigital_outline-trans-small.png?fit=200%2C114&ssl=1","width":200,"height":114,"caption":"AMP Digital Inc."},"image":{"@id":"https:\/\/ampdigital.ca\/en\/#\/schema\/logo\/image\/"}}]}},"_links":{"self":[{"href":"https:\/\/ampdigital.ca\/en\/wp-json\/wp\/v2\/product\/8577","targetHints":{"allow":["GET"]}}],"collection":[{"href":"https:\/\/ampdigital.ca\/en\/wp-json\/wp\/v2\/product"}],"about":[{"href":"https:\/\/ampdigital.ca\/en\/wp-json\/wp\/v2\/types\/product"}],"wp:featuredmedia":[{"embeddable":true,"href":"https:\/\/ampdigital.ca\/en\/wp-json\/wp\/v2\/media\/8579"}],"wp:attachment":[{"href":"https:\/\/ampdigital.ca\/en\/wp-json\/wp\/v2\/media?parent=8577"}],"wp:term":[{"taxonomy":"product_brand","embeddable":true,"href":"https:\/\/ampdigital.ca\/en\/wp-json\/wp\/v2\/product_brand?post=8577"},{"taxonomy":"product_cat","embeddable":true,"href":"https:\/\/ampdigital.ca\/en\/wp-json\/wp\/v2\/product_cat?post=8577"},{"taxonomy":"product_tag","embeddable":true,"href":"https:\/\/ampdigital.ca\/en\/wp-json\/wp\/v2\/product_tag?post=8577"}],"curies":[{"name":"wp","href":"https:\/\/api.w.org\/{rel}","templated":true}]}}