{"id":8665,"date":"2022-04-28T21:01:55","date_gmt":"2022-04-28T21:01:55","guid":{"rendered":"https:\/\/ampdigital.ca\/?post_type=product&#038;p=8665"},"modified":"2023-01-19T13:26:24","modified_gmt":"2023-01-19T13:26:24","slug":"parasol-4-cotes-imprimes","status":"publish","type":"product","link":"https:\/\/ampdigital.ca\/en\/produit\/parasol-4-cotes-imprimes\/","title":{"rendered":"Parasol 4 c\u00f4t\u00e9s imprim\u00e9s"},"content":{"rendered":"<ul>\n<li>Nos parasols ont une structure l\u00e9g\u00e8re en aluminium<\/li>\n<li>La hauteur est de 9 pieds<\/li>\n<li>Le diam\u00e8tre de la toile est de 9 pieds<\/li>\n<li>La toile est imprim\u00e9 par sublimation sur un Polyester 250G<\/li>\n<li>Il y a une ouverture pour la ventilation au centre de la toile<\/li>\n<li>On vous sugg\u00e8re fortement de vous procurer la base de b\u00e9ton<\/li>\n<\/ul>\n<p><a href=\"https:\/\/ampdigital.ca\/wp-content\/uploads\/2020\/02\/PARASOL_4_COTES_SANSVALANCE.pdf\">T\u00e9l\u00e9chargez le gabarit ici pour y ins\u00e9rer votre design<\/a><\/p>\n","protected":false},"excerpt":{"rendered":"<p>Nos parasols sont imprim\u00e9s \u00e0 votre image pour faire rayonner votre image de marque au soleil! Vous pouvez choisir avec ou sans valence (Les c\u00f4t\u00e9s verticaux du parasol). Celles-ci vous permettent d\u2019ajouter de l\u2019affichage pour aider vos clients \u00e0 vos rep\u00e9rer.<\/p>\n","protected":false},"featured_media":8671,"template":"","meta":{"_acf_changed":false,"_coblocks_attr":"","_coblocks_dimensions":"","_coblocks_responsive_height":"","_coblocks_accordion_ie_support":"","_crdt_document":""},"product_brand":[],"product_cat":[154,582],"product_tag":[],"class_list":{"0":"post-8665","1":"product","2":"type-product","3":"status-publish","4":"has-post-thumbnail","6":"product_cat-promotionnel","7":"product_cat-parasol","9":"first","10":"instock","11":"taxable","12":"shipping-taxable","13":"purchasable","14":"product-type-variable","15":"has-default-attributes"},"acf":[],"yoast_head":"<!-- This site is optimized with the Yoast SEO plugin v27.3 - https:\/\/yoast.com\/product\/yoast-seo-wordpress\/ -->\n<title>Parasol 4 c\u00f4t\u00e9s imprim\u00e9s - AMP Digital Inc.<\/title>\n<meta name=\"robots\" content=\"index, follow, max-snippet:-1, max-image-preview:large, max-video-preview:-1\" \/>\n<link rel=\"canonical\" href=\"https:\/\/ampdigital.ca\/en\/produit\/parasol-4-cotes-imprimes\/\" \/>\n<meta property=\"og:locale\" content=\"en_US\" \/>\n<meta property=\"og:type\" content=\"article\" \/>\n<meta property=\"og:title\" content=\"Parasol 4 c\u00f4t\u00e9s imprim\u00e9s - AMP Digital Inc.\" \/>\n<meta property=\"og:description\" content=\"Nos parasols sont imprim\u00e9s \u00e0 votre image pour faire rayonner votre image de marque au soleil! Vous pouvez choisir avec ou sans valence (Les c\u00f4t\u00e9s verticaux du parasol). Celles-ci vous permettent d\u2019ajouter de l\u2019affichage pour aider vos clients \u00e0 vos rep\u00e9rer.\" \/>\n<meta property=\"og:url\" content=\"https:\/\/ampdigital.ca\/en\/produit\/parasol-4-cotes-imprimes\/\" \/>\n<meta property=\"og:site_name\" content=\"AMP Digital Inc.\" \/>\n<meta property=\"article:modified_time\" content=\"2023-01-19T13:26:24+00:00\" \/>\n<meta property=\"og:image\" content=\"https:\/\/ampdigital.ca\/wp-content\/uploads\/2022\/04\/parasol-imprime-montreal-valence.jpg\" \/>\n\t<meta property=\"og:image:width\" content=\"1000\" \/>\n\t<meta property=\"og:image:height\" content=\"1000\" \/>\n\t<meta property=\"og:image:type\" content=\"image\/jpeg\" \/>\n<meta name=\"twitter:card\" content=\"summary_large_image\" \/>\n<meta name=\"twitter:label1\" content=\"Est. reading time\" \/>\n\t<meta name=\"twitter:data1\" content=\"1 minute\" \/>\n<script type=\"application\/ld+json\" class=\"yoast-schema-graph\">{\"@context\":\"https:\\\/\\\/schema.org\",\"@graph\":[{\"@type\":\"WebPage\",\"@id\":\"https:\\\/\\\/ampdigital.ca\\\/en\\\/produit\\\/parasol-4-cotes-imprimes\\\/\",\"url\":\"https:\\\/\\\/ampdigital.ca\\\/en\\\/produit\\\/parasol-4-cotes-imprimes\\\/\",\"name\":\"Parasol 4 c\u00f4t\u00e9s imprim\u00e9s - AMP Digital Inc.\",\"isPartOf\":{\"@id\":\"https:\\\/\\\/ampdigital.ca\\\/en\\\/#website\"},\"primaryImageOfPage\":{\"@id\":\"https:\\\/\\\/ampdigital.ca\\\/en\\\/produit\\\/parasol-4-cotes-imprimes\\\/#primaryimage\"},\"image\":{\"@id\":\"https:\\\/\\\/ampdigital.ca\\\/en\\\/produit\\\/parasol-4-cotes-imprimes\\\/#primaryimage\"},\"thumbnailUrl\":\"https:\\\/\\\/ampdigital.ca\\\/wp-content\\\/uploads\\\/2022\\\/04\\\/parasol-imprime-montreal-valence.jpg\",\"datePublished\":\"2022-04-28T21:01:55+00:00\",\"dateModified\":\"2023-01-19T13:26:24+00:00\",\"breadcrumb\":{\"@id\":\"https:\\\/\\\/ampdigital.ca\\\/en\\\/produit\\\/parasol-4-cotes-imprimes\\\/#breadcrumb\"},\"inLanguage\":\"en-US\",\"potentialAction\":[{\"@type\":\"ReadAction\",\"target\":[\"https:\\\/\\\/ampdigital.ca\\\/en\\\/produit\\\/parasol-4-cotes-imprimes\\\/\"]}]},{\"@type\":\"ImageObject\",\"inLanguage\":\"en-US\",\"@id\":\"https:\\\/\\\/ampdigital.ca\\\/en\\\/produit\\\/parasol-4-cotes-imprimes\\\/#primaryimage\",\"url\":\"https:\\\/\\\/ampdigital.ca\\\/wp-content\\\/uploads\\\/2022\\\/04\\\/parasol-imprime-montreal-valence.jpg\",\"contentUrl\":\"https:\\\/\\\/ampdigital.ca\\\/wp-content\\\/uploads\\\/2022\\\/04\\\/parasol-imprime-montreal-valence.jpg\",\"width\":1000,\"height\":1000,\"caption\":\"Parasol imprim\u00e9 avec valences\"},{\"@type\":\"BreadcrumbList\",\"@id\":\"https:\\\/\\\/ampdigital.ca\\\/en\\\/produit\\\/parasol-4-cotes-imprimes\\\/#breadcrumb\",\"itemListElement\":[{\"@type\":\"ListItem\",\"position\":1,\"name\":\"Home\",\"item\":\"https:\\\/\\\/ampdigital.ca\\\/en\\\/\"},{\"@type\":\"ListItem\",\"position\":2,\"name\":\"Boutique\",\"item\":\"https:\\\/\\\/ampdigital.ca\\\/boutique\\\/\"},{\"@type\":\"ListItem\",\"position\":3,\"name\":\"Parasol 4 c\u00f4t\u00e9s imprim\u00e9s\"}]},{\"@type\":\"WebSite\",\"@id\":\"https:\\\/\\\/ampdigital.ca\\\/en\\\/#website\",\"url\":\"https:\\\/\\\/ampdigital.ca\\\/en\\\/\",\"name\":\"AMP Digital Inc.\",\"description\":\"Digital Agency\",\"publisher\":{\"@id\":\"https:\\\/\\\/ampdigital.ca\\\/en\\\/#organization\"},\"potentialAction\":[{\"@type\":\"SearchAction\",\"target\":{\"@type\":\"EntryPoint\",\"urlTemplate\":\"https:\\\/\\\/ampdigital.ca\\\/en\\\/?s={search_term_string}\"},\"query-input\":{\"@type\":\"PropertyValueSpecification\",\"valueRequired\":true,\"valueName\":\"search_term_string\"}}],\"inLanguage\":\"en-US\"},{\"@type\":\"Organization\",\"@id\":\"https:\\\/\\\/ampdigital.ca\\\/en\\\/#organization\",\"name\":\"AMP Digital Inc.\",\"url\":\"https:\\\/\\\/ampdigital.ca\\\/en\\\/\",\"logo\":{\"@type\":\"ImageObject\",\"inLanguage\":\"en-US\",\"@id\":\"https:\\\/\\\/ampdigital.ca\\\/en\\\/#\\\/schema\\\/logo\\\/image\\\/\",\"url\":\"https:\\\/\\\/i1.wp.com\\\/ampdigital.ca\\\/wp-content\\\/uploads\\\/2020\\\/04\\\/ampdigital_outline-trans-small.png?fit=200%2C114&ssl=1\",\"contentUrl\":\"https:\\\/\\\/i1.wp.com\\\/ampdigital.ca\\\/wp-content\\\/uploads\\\/2020\\\/04\\\/ampdigital_outline-trans-small.png?fit=200%2C114&ssl=1\",\"width\":200,\"height\":114,\"caption\":\"AMP Digital Inc.\"},\"image\":{\"@id\":\"https:\\\/\\\/ampdigital.ca\\\/en\\\/#\\\/schema\\\/logo\\\/image\\\/\"}}]}<\/script>\n<!-- \/ Yoast SEO plugin. -->","yoast_head_json":{"title":"Parasol 4 c\u00f4t\u00e9s imprim\u00e9s - AMP Digital Inc.","robots":{"index":"index","follow":"follow","max-snippet":"max-snippet:-1","max-image-preview":"max-image-preview:large","max-video-preview":"max-video-preview:-1"},"canonical":"https:\/\/ampdigital.ca\/en\/produit\/parasol-4-cotes-imprimes\/","og_locale":"en_US","og_type":"article","og_title":"Parasol 4 c\u00f4t\u00e9s imprim\u00e9s - AMP Digital Inc.","og_description":"Nos parasols sont imprim\u00e9s \u00e0 votre image pour faire rayonner votre image de marque au soleil! Vous pouvez choisir avec ou sans valence (Les c\u00f4t\u00e9s verticaux du parasol). Celles-ci vous permettent d\u2019ajouter de l\u2019affichage pour aider vos clients \u00e0 vos rep\u00e9rer.","og_url":"https:\/\/ampdigital.ca\/en\/produit\/parasol-4-cotes-imprimes\/","og_site_name":"AMP Digital Inc.","article_modified_time":"2023-01-19T13:26:24+00:00","og_image":[{"width":1000,"height":1000,"url":"https:\/\/ampdigital.ca\/wp-content\/uploads\/2022\/04\/parasol-imprime-montreal-valence.jpg","type":"image\/jpeg"}],"twitter_card":"summary_large_image","twitter_misc":{"Est. reading time":"1 minute"},"schema":{"@context":"https:\/\/schema.org","@graph":[{"@type":"WebPage","@id":"https:\/\/ampdigital.ca\/en\/produit\/parasol-4-cotes-imprimes\/","url":"https:\/\/ampdigital.ca\/en\/produit\/parasol-4-cotes-imprimes\/","name":"Parasol 4 c\u00f4t\u00e9s imprim\u00e9s - AMP Digital Inc.","isPartOf":{"@id":"https:\/\/ampdigital.ca\/en\/#website"},"primaryImageOfPage":{"@id":"https:\/\/ampdigital.ca\/en\/produit\/parasol-4-cotes-imprimes\/#primaryimage"},"image":{"@id":"https:\/\/ampdigital.ca\/en\/produit\/parasol-4-cotes-imprimes\/#primaryimage"},"thumbnailUrl":"https:\/\/ampdigital.ca\/wp-content\/uploads\/2022\/04\/parasol-imprime-montreal-valence.jpg","datePublished":"2022-04-28T21:01:55+00:00","dateModified":"2023-01-19T13:26:24+00:00","breadcrumb":{"@id":"https:\/\/ampdigital.ca\/en\/produit\/parasol-4-cotes-imprimes\/#breadcrumb"},"inLanguage":"en-US","potentialAction":[{"@type":"ReadAction","target":["https:\/\/ampdigital.ca\/en\/produit\/parasol-4-cotes-imprimes\/"]}]},{"@type":"ImageObject","inLanguage":"en-US","@id":"https:\/\/ampdigital.ca\/en\/produit\/parasol-4-cotes-imprimes\/#primaryimage","url":"https:\/\/ampdigital.ca\/wp-content\/uploads\/2022\/04\/parasol-imprime-montreal-valence.jpg","contentUrl":"https:\/\/ampdigital.ca\/wp-content\/uploads\/2022\/04\/parasol-imprime-montreal-valence.jpg","width":1000,"height":1000,"caption":"Parasol imprim\u00e9 avec valences"},{"@type":"BreadcrumbList","@id":"https:\/\/ampdigital.ca\/en\/produit\/parasol-4-cotes-imprimes\/#breadcrumb","itemListElement":[{"@type":"ListItem","position":1,"name":"Home","item":"https:\/\/ampdigital.ca\/en\/"},{"@type":"ListItem","position":2,"name":"Boutique","item":"https:\/\/ampdigital.ca\/boutique\/"},{"@type":"ListItem","position":3,"name":"Parasol 4 c\u00f4t\u00e9s imprim\u00e9s"}]},{"@type":"WebSite","@id":"https:\/\/ampdigital.ca\/en\/#website","url":"https:\/\/ampdigital.ca\/en\/","name":"AMP Digital Inc.","description":"Digital Agency","publisher":{"@id":"https:\/\/ampdigital.ca\/en\/#organization"},"potentialAction":[{"@type":"SearchAction","target":{"@type":"EntryPoint","urlTemplate":"https:\/\/ampdigital.ca\/en\/?s={search_term_string}"},"query-input":{"@type":"PropertyValueSpecification","valueRequired":true,"valueName":"search_term_string"}}],"inLanguage":"en-US"},{"@type":"Organization","@id":"https:\/\/ampdigital.ca\/en\/#organization","name":"AMP Digital Inc.","url":"https:\/\/ampdigital.ca\/en\/","logo":{"@type":"ImageObject","inLanguage":"en-US","@id":"https:\/\/ampdigital.ca\/en\/#\/schema\/logo\/image\/","url":"https:\/\/i1.wp.com\/ampdigital.ca\/wp-content\/uploads\/2020\/04\/ampdigital_outline-trans-small.png?fit=200%2C114&ssl=1","contentUrl":"https:\/\/i1.wp.com\/ampdigital.ca\/wp-content\/uploads\/2020\/04\/ampdigital_outline-trans-small.png?fit=200%2C114&ssl=1","width":200,"height":114,"caption":"AMP Digital Inc."},"image":{"@id":"https:\/\/ampdigital.ca\/en\/#\/schema\/logo\/image\/"}}]}},"_links":{"self":[{"href":"https:\/\/ampdigital.ca\/en\/wp-json\/wp\/v2\/product\/8665","targetHints":{"allow":["GET"]}}],"collection":[{"href":"https:\/\/ampdigital.ca\/en\/wp-json\/wp\/v2\/product"}],"about":[{"href":"https:\/\/ampdigital.ca\/en\/wp-json\/wp\/v2\/types\/product"}],"wp:featuredmedia":[{"embeddable":true,"href":"https:\/\/ampdigital.ca\/en\/wp-json\/wp\/v2\/media\/8671"}],"wp:attachment":[{"href":"https:\/\/ampdigital.ca\/en\/wp-json\/wp\/v2\/media?parent=8665"}],"wp:term":[{"taxonomy":"product_brand","embeddable":true,"href":"https:\/\/ampdigital.ca\/en\/wp-json\/wp\/v2\/product_brand?post=8665"},{"taxonomy":"product_cat","embeddable":true,"href":"https:\/\/ampdigital.ca\/en\/wp-json\/wp\/v2\/product_cat?post=8665"},{"taxonomy":"product_tag","embeddable":true,"href":"https:\/\/ampdigital.ca\/en\/wp-json\/wp\/v2\/product_tag?post=8665"}],"curies":[{"name":"wp","href":"https:\/\/api.w.org\/{rel}","templated":true}]}}