{"id":8674,"date":"2022-04-28T21:13:57","date_gmt":"2022-04-28T21:13:57","guid":{"rendered":"https:\/\/ampdigital.ca\/?post_type=product&#038;p=8674"},"modified":"2023-01-19T13:25:42","modified_gmt":"2023-01-19T13:25:42","slug":"banniere-pour-cloture-de-rue-imprimee","status":"publish","type":"product","link":"https:\/\/ampdigital.ca\/en\/produit\/banniere-pour-cloture-de-rue-imprimee\/","title":{"rendered":"Banni\u00e8re pour cl\u00f4ture de rue imprim\u00e9e"},"content":{"rendered":"<ul>\n<li>La banni\u00e8re est imprim\u00e9e en sublimation sur du polyester 240G<\/li>\n<li>Les dimensions sont les suivantes\u00a0: Largeur 100\u2019\u2019 \/ Hauteur 37.5\u2019\u2019<\/li>\n<\/ul>\n","protected":false},"excerpt":{"rendered":"<p>Nos banni\u00e8res imprim\u00e9es pour les cl\u00f4tures vous permettent de mettre de la vie lors de vos \u00e9v\u00e9nements. Plut\u00f4t que d\u2019avoir votre cl\u00f4ture grises, utilisez les pour afficher vos partenaires et g\u00e9n\u00e9rer plus de revenu de commandites!<\/p>\n","protected":false},"featured_media":8669,"template":"","meta":{"_acf_changed":false,"_coblocks_attr":"","_coblocks_dimensions":"","_coblocks_responsive_height":"","_coblocks_accordion_ie_support":"","_crdt_document":""},"product_brand":[],"product_cat":[154],"product_tag":[],"class_list":{"0":"post-8674","1":"product","2":"type-product","3":"status-publish","4":"has-post-thumbnail","6":"product_cat-promotionnel","8":"first","9":"instock","10":"taxable","11":"shipping-taxable","12":"purchasable","13":"product-type-simple"},"acf":[],"yoast_head":"<!-- This site is optimized with the Yoast SEO plugin v27.3 - https:\/\/yoast.com\/product\/yoast-seo-wordpress\/ -->\n<title>Banni\u00e8re pour cl\u00f4ture de rue imprim\u00e9e - AMP Digital Inc.<\/title>\n<meta name=\"robots\" content=\"index, follow, max-snippet:-1, max-image-preview:large, max-video-preview:-1\" \/>\n<link rel=\"canonical\" href=\"https:\/\/ampdigital.ca\/en\/produit\/banniere-pour-cloture-de-rue-imprimee\/\" \/>\n<meta property=\"og:locale\" content=\"en_US\" \/>\n<meta property=\"og:type\" content=\"article\" \/>\n<meta property=\"og:title\" content=\"Banni\u00e8re pour cl\u00f4ture de rue imprim\u00e9e - AMP Digital Inc.\" \/>\n<meta property=\"og:description\" content=\"Nos banni\u00e8res imprim\u00e9es pour les cl\u00f4tures vous permettent de mettre de la vie lors de vos \u00e9v\u00e9nements. Plut\u00f4t que d\u2019avoir votre cl\u00f4ture grises, utilisez les pour afficher vos partenaires et g\u00e9n\u00e9rer plus de revenu de commandites!\" \/>\n<meta property=\"og:url\" content=\"https:\/\/ampdigital.ca\/en\/produit\/banniere-pour-cloture-de-rue-imprimee\/\" \/>\n<meta property=\"og:site_name\" content=\"AMP Digital Inc.\" \/>\n<meta property=\"article:modified_time\" content=\"2023-01-19T13:25:42+00:00\" \/>\n<meta property=\"og:image\" content=\"https:\/\/ampdigital.ca\/wp-content\/uploads\/2022\/04\/cloture-imprime-montreal.jpg\" \/>\n\t<meta property=\"og:image:width\" content=\"1000\" \/>\n\t<meta property=\"og:image:height\" content=\"1000\" \/>\n\t<meta property=\"og:image:type\" content=\"image\/jpeg\" \/>\n<meta name=\"twitter:card\" content=\"summary_large_image\" \/>\n<meta name=\"twitter:label1\" content=\"Est. reading time\" \/>\n\t<meta name=\"twitter:data1\" content=\"1 minute\" \/>\n<script type=\"application\/ld+json\" class=\"yoast-schema-graph\">{\"@context\":\"https:\\\/\\\/schema.org\",\"@graph\":[{\"@type\":\"WebPage\",\"@id\":\"https:\\\/\\\/ampdigital.ca\\\/en\\\/produit\\\/banniere-pour-cloture-de-rue-imprimee\\\/\",\"url\":\"https:\\\/\\\/ampdigital.ca\\\/en\\\/produit\\\/banniere-pour-cloture-de-rue-imprimee\\\/\",\"name\":\"Banni\u00e8re pour cl\u00f4ture de rue imprim\u00e9e - AMP Digital Inc.\",\"isPartOf\":{\"@id\":\"https:\\\/\\\/ampdigital.ca\\\/en\\\/#website\"},\"primaryImageOfPage\":{\"@id\":\"https:\\\/\\\/ampdigital.ca\\\/en\\\/produit\\\/banniere-pour-cloture-de-rue-imprimee\\\/#primaryimage\"},\"image\":{\"@id\":\"https:\\\/\\\/ampdigital.ca\\\/en\\\/produit\\\/banniere-pour-cloture-de-rue-imprimee\\\/#primaryimage\"},\"thumbnailUrl\":\"https:\\\/\\\/ampdigital.ca\\\/wp-content\\\/uploads\\\/2022\\\/04\\\/cloture-imprime-montreal.jpg\",\"datePublished\":\"2022-04-28T21:13:57+00:00\",\"dateModified\":\"2023-01-19T13:25:42+00:00\",\"breadcrumb\":{\"@id\":\"https:\\\/\\\/ampdigital.ca\\\/en\\\/produit\\\/banniere-pour-cloture-de-rue-imprimee\\\/#breadcrumb\"},\"inLanguage\":\"en-US\",\"potentialAction\":[{\"@type\":\"ReadAction\",\"target\":[\"https:\\\/\\\/ampdigital.ca\\\/en\\\/produit\\\/banniere-pour-cloture-de-rue-imprimee\\\/\"]}]},{\"@type\":\"ImageObject\",\"inLanguage\":\"en-US\",\"@id\":\"https:\\\/\\\/ampdigital.ca\\\/en\\\/produit\\\/banniere-pour-cloture-de-rue-imprimee\\\/#primaryimage\",\"url\":\"https:\\\/\\\/ampdigital.ca\\\/wp-content\\\/uploads\\\/2022\\\/04\\\/cloture-imprime-montreal.jpg\",\"contentUrl\":\"https:\\\/\\\/ampdigital.ca\\\/wp-content\\\/uploads\\\/2022\\\/04\\\/cloture-imprime-montreal.jpg\",\"width\":1000,\"height\":1000,\"caption\":\"Banni\u00e8re pour cl\u00f4ture de rue imprim\u00e9e\"},{\"@type\":\"BreadcrumbList\",\"@id\":\"https:\\\/\\\/ampdigital.ca\\\/en\\\/produit\\\/banniere-pour-cloture-de-rue-imprimee\\\/#breadcrumb\",\"itemListElement\":[{\"@type\":\"ListItem\",\"position\":1,\"name\":\"Home\",\"item\":\"https:\\\/\\\/ampdigital.ca\\\/en\\\/\"},{\"@type\":\"ListItem\",\"position\":2,\"name\":\"Boutique\",\"item\":\"https:\\\/\\\/ampdigital.ca\\\/boutique\\\/\"},{\"@type\":\"ListItem\",\"position\":3,\"name\":\"Banni\u00e8re pour cl\u00f4ture de rue imprim\u00e9e\"}]},{\"@type\":\"WebSite\",\"@id\":\"https:\\\/\\\/ampdigital.ca\\\/en\\\/#website\",\"url\":\"https:\\\/\\\/ampdigital.ca\\\/en\\\/\",\"name\":\"AMP Digital Inc.\",\"description\":\"Digital Agency\",\"publisher\":{\"@id\":\"https:\\\/\\\/ampdigital.ca\\\/en\\\/#organization\"},\"potentialAction\":[{\"@type\":\"SearchAction\",\"target\":{\"@type\":\"EntryPoint\",\"urlTemplate\":\"https:\\\/\\\/ampdigital.ca\\\/en\\\/?s={search_term_string}\"},\"query-input\":{\"@type\":\"PropertyValueSpecification\",\"valueRequired\":true,\"valueName\":\"search_term_string\"}}],\"inLanguage\":\"en-US\"},{\"@type\":\"Organization\",\"@id\":\"https:\\\/\\\/ampdigital.ca\\\/en\\\/#organization\",\"name\":\"AMP Digital Inc.\",\"url\":\"https:\\\/\\\/ampdigital.ca\\\/en\\\/\",\"logo\":{\"@type\":\"ImageObject\",\"inLanguage\":\"en-US\",\"@id\":\"https:\\\/\\\/ampdigital.ca\\\/en\\\/#\\\/schema\\\/logo\\\/image\\\/\",\"url\":\"https:\\\/\\\/i1.wp.com\\\/ampdigital.ca\\\/wp-content\\\/uploads\\\/2020\\\/04\\\/ampdigital_outline-trans-small.png?fit=200%2C114&ssl=1\",\"contentUrl\":\"https:\\\/\\\/i1.wp.com\\\/ampdigital.ca\\\/wp-content\\\/uploads\\\/2020\\\/04\\\/ampdigital_outline-trans-small.png?fit=200%2C114&ssl=1\",\"width\":200,\"height\":114,\"caption\":\"AMP Digital Inc.\"},\"image\":{\"@id\":\"https:\\\/\\\/ampdigital.ca\\\/en\\\/#\\\/schema\\\/logo\\\/image\\\/\"}}]}<\/script>\n<!-- \/ Yoast SEO plugin. -->","yoast_head_json":{"title":"Banni\u00e8re pour cl\u00f4ture de rue imprim\u00e9e - AMP Digital Inc.","robots":{"index":"index","follow":"follow","max-snippet":"max-snippet:-1","max-image-preview":"max-image-preview:large","max-video-preview":"max-video-preview:-1"},"canonical":"https:\/\/ampdigital.ca\/en\/produit\/banniere-pour-cloture-de-rue-imprimee\/","og_locale":"en_US","og_type":"article","og_title":"Banni\u00e8re pour cl\u00f4ture de rue imprim\u00e9e - AMP Digital Inc.","og_description":"Nos banni\u00e8res imprim\u00e9es pour les cl\u00f4tures vous permettent de mettre de la vie lors de vos \u00e9v\u00e9nements. Plut\u00f4t que d\u2019avoir votre cl\u00f4ture grises, utilisez les pour afficher vos partenaires et g\u00e9n\u00e9rer plus de revenu de commandites!","og_url":"https:\/\/ampdigital.ca\/en\/produit\/banniere-pour-cloture-de-rue-imprimee\/","og_site_name":"AMP Digital Inc.","article_modified_time":"2023-01-19T13:25:42+00:00","og_image":[{"width":1000,"height":1000,"url":"https:\/\/ampdigital.ca\/wp-content\/uploads\/2022\/04\/cloture-imprime-montreal.jpg","type":"image\/jpeg"}],"twitter_card":"summary_large_image","twitter_misc":{"Est. reading time":"1 minute"},"schema":{"@context":"https:\/\/schema.org","@graph":[{"@type":"WebPage","@id":"https:\/\/ampdigital.ca\/en\/produit\/banniere-pour-cloture-de-rue-imprimee\/","url":"https:\/\/ampdigital.ca\/en\/produit\/banniere-pour-cloture-de-rue-imprimee\/","name":"Banni\u00e8re pour cl\u00f4ture de rue imprim\u00e9e - AMP Digital Inc.","isPartOf":{"@id":"https:\/\/ampdigital.ca\/en\/#website"},"primaryImageOfPage":{"@id":"https:\/\/ampdigital.ca\/en\/produit\/banniere-pour-cloture-de-rue-imprimee\/#primaryimage"},"image":{"@id":"https:\/\/ampdigital.ca\/en\/produit\/banniere-pour-cloture-de-rue-imprimee\/#primaryimage"},"thumbnailUrl":"https:\/\/ampdigital.ca\/wp-content\/uploads\/2022\/04\/cloture-imprime-montreal.jpg","datePublished":"2022-04-28T21:13:57+00:00","dateModified":"2023-01-19T13:25:42+00:00","breadcrumb":{"@id":"https:\/\/ampdigital.ca\/en\/produit\/banniere-pour-cloture-de-rue-imprimee\/#breadcrumb"},"inLanguage":"en-US","potentialAction":[{"@type":"ReadAction","target":["https:\/\/ampdigital.ca\/en\/produit\/banniere-pour-cloture-de-rue-imprimee\/"]}]},{"@type":"ImageObject","inLanguage":"en-US","@id":"https:\/\/ampdigital.ca\/en\/produit\/banniere-pour-cloture-de-rue-imprimee\/#primaryimage","url":"https:\/\/ampdigital.ca\/wp-content\/uploads\/2022\/04\/cloture-imprime-montreal.jpg","contentUrl":"https:\/\/ampdigital.ca\/wp-content\/uploads\/2022\/04\/cloture-imprime-montreal.jpg","width":1000,"height":1000,"caption":"Banni\u00e8re pour cl\u00f4ture de rue imprim\u00e9e"},{"@type":"BreadcrumbList","@id":"https:\/\/ampdigital.ca\/en\/produit\/banniere-pour-cloture-de-rue-imprimee\/#breadcrumb","itemListElement":[{"@type":"ListItem","position":1,"name":"Home","item":"https:\/\/ampdigital.ca\/en\/"},{"@type":"ListItem","position":2,"name":"Boutique","item":"https:\/\/ampdigital.ca\/boutique\/"},{"@type":"ListItem","position":3,"name":"Banni\u00e8re pour cl\u00f4ture de rue imprim\u00e9e"}]},{"@type":"WebSite","@id":"https:\/\/ampdigital.ca\/en\/#website","url":"https:\/\/ampdigital.ca\/en\/","name":"AMP Digital Inc.","description":"Digital Agency","publisher":{"@id":"https:\/\/ampdigital.ca\/en\/#organization"},"potentialAction":[{"@type":"SearchAction","target":{"@type":"EntryPoint","urlTemplate":"https:\/\/ampdigital.ca\/en\/?s={search_term_string}"},"query-input":{"@type":"PropertyValueSpecification","valueRequired":true,"valueName":"search_term_string"}}],"inLanguage":"en-US"},{"@type":"Organization","@id":"https:\/\/ampdigital.ca\/en\/#organization","name":"AMP Digital Inc.","url":"https:\/\/ampdigital.ca\/en\/","logo":{"@type":"ImageObject","inLanguage":"en-US","@id":"https:\/\/ampdigital.ca\/en\/#\/schema\/logo\/image\/","url":"https:\/\/i1.wp.com\/ampdigital.ca\/wp-content\/uploads\/2020\/04\/ampdigital_outline-trans-small.png?fit=200%2C114&ssl=1","contentUrl":"https:\/\/i1.wp.com\/ampdigital.ca\/wp-content\/uploads\/2020\/04\/ampdigital_outline-trans-small.png?fit=200%2C114&ssl=1","width":200,"height":114,"caption":"AMP Digital Inc."},"image":{"@id":"https:\/\/ampdigital.ca\/en\/#\/schema\/logo\/image\/"}}]}},"_links":{"self":[{"href":"https:\/\/ampdigital.ca\/en\/wp-json\/wp\/v2\/product\/8674","targetHints":{"allow":["GET"]}}],"collection":[{"href":"https:\/\/ampdigital.ca\/en\/wp-json\/wp\/v2\/product"}],"about":[{"href":"https:\/\/ampdigital.ca\/en\/wp-json\/wp\/v2\/types\/product"}],"wp:featuredmedia":[{"embeddable":true,"href":"https:\/\/ampdigital.ca\/en\/wp-json\/wp\/v2\/media\/8669"}],"wp:attachment":[{"href":"https:\/\/ampdigital.ca\/en\/wp-json\/wp\/v2\/media?parent=8674"}],"wp:term":[{"taxonomy":"product_brand","embeddable":true,"href":"https:\/\/ampdigital.ca\/en\/wp-json\/wp\/v2\/product_brand?post=8674"},{"taxonomy":"product_cat","embeddable":true,"href":"https:\/\/ampdigital.ca\/en\/wp-json\/wp\/v2\/product_cat?post=8674"},{"taxonomy":"product_tag","embeddable":true,"href":"https:\/\/ampdigital.ca\/en\/wp-json\/wp\/v2\/product_tag?post=8674"}],"curies":[{"name":"wp","href":"https:\/\/api.w.org\/{rel}","templated":true}]}}