{"id":8711,"date":"2022-05-06T14:11:12","date_gmt":"2022-05-06T14:11:12","guid":{"rendered":"https:\/\/ampdigital.ca\/?post_type=product&#038;p=8711"},"modified":"2023-01-18T21:03:36","modified_gmt":"2023-01-18T21:03:36","slug":"fond-de-kiosque-extensible-droit","status":"publish","type":"product","link":"https:\/\/ampdigital.ca\/en\/produit\/fond-de-kiosque-extensible-droit\/","title":{"rendered":"Fond de kiosque popup (droit)"},"content":{"rendered":"<p style=\"background: white;\"><span style=\"font-family: Manrope; color: #191e23;\">Notre fond de kiosque extensible est une excellente option pour salons, \u00e9v\u00e9nements corporatifs ou conf\u00e9rence de presse! En effet, gr\u00e2ce au tissu sublim\u00e9, on peut aller chercher des superbes couleurs tout en laissant passer la lumi\u00e8re \u00e0 travers.<\/span><\/p>\n<p style=\"background: white; box-sizing: border-box; text-rendering: optimizelegibility; -webkit-font-smoothing: antialiased; font-variant-ligatures: normal; font-variant-caps: normal; orphans: 2; text-align: start; widows: 2; -webkit-text-stroke-width: 0px; text-decoration-thickness: initial; text-decoration-style: initial; text-decoration-color: initial; word-spacing: 0px;\"><span style=\"font-family: Manrope; color: #191e23;\">L\u2019installation se fait en un instant, gr\u00e2ce \u00e0 sa structure extensible d\u00e9j\u00e0 mont\u00e9e. Une fois la structure mont\u00e9e, simplement coller le tissu imprim\u00e9 sur le support avec le velcro! Une fois votre \u00e9v\u00e9nement terminer, on remballe et on met tout dans le sac de transport, qui est inclus.<\/span><\/p>\n<p>Pour proc\u00e9der \u00e0 l&#8217;impression, simplement ajouter votre design dans notre gabarit PDF<\/p>\n<ul>\n<li><a href=\"https:\/\/ampdigital.ca\/wp-content\/uploads\/2020\/02\/KIOSQUE_VELCROPOPUP_8PIEDS_DROIT_AVEC_COTES.pdf\">Gabarit 8 pieds<\/a><\/li>\n<li><a href=\"https:\/\/ampdigital.ca\/wp-content\/uploads\/2020\/02\/KIOSQUE_VELCROPOPUP_10PIEDS_DROIT_AVEC_COTES.pdf\">Gabarit 10 pieds<\/a><\/li>\n<\/ul>\n","protected":false},"excerpt":{"rendered":"<ul>\n<li>2 format disponibles<\/li>\n<li>Hauteur 7 pieds 5 pouces<\/li>\n<li>Type de tissu utilis\u00e9 : Polyester 240g<\/li>\n<li>Type d\u2019impression : Sublimation<\/li>\n<li>Option d&#8217;avoir ou pas les c\u00f4t\u00e9s avec le tissu imprim\u00e9<\/li>\n<li>Sac de transport inclus<\/li>\n<li>Vous devez changer le visuel? Il est possible d\u2019acheter uniquement l\u2019impression!<\/li>\n<li>Temps de production : 2 \u00e0 3 semaines<\/li>\n<li>Design : vous pouvez ajouter votre design dans nos gabarit (voir plus bas) ou nos designer peuvent vous cr\u00e9er un design unique!<\/li>\n<\/ul>\n","protected":false},"featured_media":8716,"template":"","meta":{"_acf_changed":false,"_coblocks_attr":"","_coblocks_dimensions":"","_coblocks_responsive_height":"","_coblocks_accordion_ie_support":"","_crdt_document":""},"product_brand":[],"product_cat":[154,573],"product_tag":[],"class_list":{"0":"post-8711","1":"product","2":"type-product","3":"status-publish","4":"has-post-thumbnail","6":"product_cat-promotionnel","7":"product_cat-fond-de-kiosque","9":"first","10":"instock","11":"taxable","12":"shipping-taxable","13":"purchasable","14":"product-type-variable","15":"has-default-attributes"},"acf":[],"yoast_head":"<!-- This site is optimized with the Yoast SEO plugin v27.3 - https:\/\/yoast.com\/product\/yoast-seo-wordpress\/ -->\n<title>Fond de kiosque popup (droit) - AMP Digital Inc.<\/title>\n<meta name=\"robots\" content=\"index, follow, max-snippet:-1, max-image-preview:large, max-video-preview:-1\" \/>\n<link rel=\"canonical\" href=\"https:\/\/ampdigital.ca\/en\/produit\/fond-de-kiosque-extensible-droit\/\" \/>\n<meta property=\"og:locale\" content=\"en_US\" \/>\n<meta property=\"og:type\" content=\"article\" \/>\n<meta property=\"og:title\" content=\"Fond de kiosque popup (droit) - AMP Digital Inc.\" \/>\n<meta property=\"og:description\" content=\"2 format disponibles  Hauteur 7 pieds 5 pouces  Type de tissu utilis\u00e9 : Polyester 240g  Type d\u2019impression : Sublimation  Option d&#039;avoir ou pas les c\u00f4t\u00e9s avec le tissu imprim\u00e9  Sac de transport inclus  Vous devez changer le visuel? Il est possible d\u2019acheter uniquement l\u2019impression!  Temps de production : 2 \u00e0 3 semaines  Design : vous pouvez ajouter votre design dans nos gabarit (voir plus bas) ou nos designer peuvent vous cr\u00e9er un design unique!\" \/>\n<meta property=\"og:url\" content=\"https:\/\/ampdigital.ca\/en\/produit\/fond-de-kiosque-extensible-droit\/\" \/>\n<meta property=\"og:site_name\" content=\"AMP Digital Inc.\" \/>\n<meta property=\"article:modified_time\" content=\"2023-01-18T21:03:36+00:00\" \/>\n<meta property=\"og:image\" content=\"https:\/\/ampdigital.ca\/wp-content\/uploads\/2022\/05\/fond-de-kiosque-extensible-vue-de-cote.jpg\" \/>\n\t<meta property=\"og:image:width\" content=\"495\" \/>\n\t<meta property=\"og:image:height\" content=\"880\" \/>\n\t<meta property=\"og:image:type\" content=\"image\/jpeg\" \/>\n<meta name=\"twitter:card\" content=\"summary_large_image\" \/>\n<meta name=\"twitter:label1\" content=\"Est. reading time\" \/>\n\t<meta name=\"twitter:data1\" content=\"1 minute\" \/>\n<script type=\"application\/ld+json\" class=\"yoast-schema-graph\">{\"@context\":\"https:\\\/\\\/schema.org\",\"@graph\":[{\"@type\":\"WebPage\",\"@id\":\"https:\\\/\\\/ampdigital.ca\\\/en\\\/produit\\\/fond-de-kiosque-extensible-droit\\\/\",\"url\":\"https:\\\/\\\/ampdigital.ca\\\/en\\\/produit\\\/fond-de-kiosque-extensible-droit\\\/\",\"name\":\"Fond de kiosque popup (droit) - AMP Digital Inc.\",\"isPartOf\":{\"@id\":\"https:\\\/\\\/ampdigital.ca\\\/en\\\/#website\"},\"primaryImageOfPage\":{\"@id\":\"https:\\\/\\\/ampdigital.ca\\\/en\\\/produit\\\/fond-de-kiosque-extensible-droit\\\/#primaryimage\"},\"image\":{\"@id\":\"https:\\\/\\\/ampdigital.ca\\\/en\\\/produit\\\/fond-de-kiosque-extensible-droit\\\/#primaryimage\"},\"thumbnailUrl\":\"https:\\\/\\\/ampdigital.ca\\\/wp-content\\\/uploads\\\/2022\\\/05\\\/fond-de-kiosque-extensible-vue-de-cote.jpg\",\"datePublished\":\"2022-05-06T14:11:12+00:00\",\"dateModified\":\"2023-01-18T21:03:36+00:00\",\"breadcrumb\":{\"@id\":\"https:\\\/\\\/ampdigital.ca\\\/en\\\/produit\\\/fond-de-kiosque-extensible-droit\\\/#breadcrumb\"},\"inLanguage\":\"en-US\",\"potentialAction\":[{\"@type\":\"ReadAction\",\"target\":[\"https:\\\/\\\/ampdigital.ca\\\/en\\\/produit\\\/fond-de-kiosque-extensible-droit\\\/\"]}]},{\"@type\":\"ImageObject\",\"inLanguage\":\"en-US\",\"@id\":\"https:\\\/\\\/ampdigital.ca\\\/en\\\/produit\\\/fond-de-kiosque-extensible-droit\\\/#primaryimage\",\"url\":\"https:\\\/\\\/ampdigital.ca\\\/wp-content\\\/uploads\\\/2022\\\/05\\\/fond-de-kiosque-extensible-vue-de-cote.jpg\",\"contentUrl\":\"https:\\\/\\\/ampdigital.ca\\\/wp-content\\\/uploads\\\/2022\\\/05\\\/fond-de-kiosque-extensible-vue-de-cote.jpg\",\"width\":495,\"height\":880,\"caption\":\"Fond de kiosque extensible vue de c\u00f4t\u00e9\"},{\"@type\":\"BreadcrumbList\",\"@id\":\"https:\\\/\\\/ampdigital.ca\\\/en\\\/produit\\\/fond-de-kiosque-extensible-droit\\\/#breadcrumb\",\"itemListElement\":[{\"@type\":\"ListItem\",\"position\":1,\"name\":\"Home\",\"item\":\"https:\\\/\\\/ampdigital.ca\\\/en\\\/\"},{\"@type\":\"ListItem\",\"position\":2,\"name\":\"Boutique\",\"item\":\"https:\\\/\\\/ampdigital.ca\\\/boutique\\\/\"},{\"@type\":\"ListItem\",\"position\":3,\"name\":\"Fond de kiosque popup (droit)\"}]},{\"@type\":\"WebSite\",\"@id\":\"https:\\\/\\\/ampdigital.ca\\\/en\\\/#website\",\"url\":\"https:\\\/\\\/ampdigital.ca\\\/en\\\/\",\"name\":\"AMP Digital Inc.\",\"description\":\"Digital Agency\",\"publisher\":{\"@id\":\"https:\\\/\\\/ampdigital.ca\\\/en\\\/#organization\"},\"potentialAction\":[{\"@type\":\"SearchAction\",\"target\":{\"@type\":\"EntryPoint\",\"urlTemplate\":\"https:\\\/\\\/ampdigital.ca\\\/en\\\/?s={search_term_string}\"},\"query-input\":{\"@type\":\"PropertyValueSpecification\",\"valueRequired\":true,\"valueName\":\"search_term_string\"}}],\"inLanguage\":\"en-US\"},{\"@type\":\"Organization\",\"@id\":\"https:\\\/\\\/ampdigital.ca\\\/en\\\/#organization\",\"name\":\"AMP Digital Inc.\",\"url\":\"https:\\\/\\\/ampdigital.ca\\\/en\\\/\",\"logo\":{\"@type\":\"ImageObject\",\"inLanguage\":\"en-US\",\"@id\":\"https:\\\/\\\/ampdigital.ca\\\/en\\\/#\\\/schema\\\/logo\\\/image\\\/\",\"url\":\"https:\\\/\\\/i1.wp.com\\\/ampdigital.ca\\\/wp-content\\\/uploads\\\/2020\\\/04\\\/ampdigital_outline-trans-small.png?fit=200%2C114&ssl=1\",\"contentUrl\":\"https:\\\/\\\/i1.wp.com\\\/ampdigital.ca\\\/wp-content\\\/uploads\\\/2020\\\/04\\\/ampdigital_outline-trans-small.png?fit=200%2C114&ssl=1\",\"width\":200,\"height\":114,\"caption\":\"AMP Digital Inc.\"},\"image\":{\"@id\":\"https:\\\/\\\/ampdigital.ca\\\/en\\\/#\\\/schema\\\/logo\\\/image\\\/\"}}]}<\/script>\n<!-- \/ Yoast SEO plugin. -->","yoast_head_json":{"title":"Fond de kiosque popup (droit) - AMP Digital Inc.","robots":{"index":"index","follow":"follow","max-snippet":"max-snippet:-1","max-image-preview":"max-image-preview:large","max-video-preview":"max-video-preview:-1"},"canonical":"https:\/\/ampdigital.ca\/en\/produit\/fond-de-kiosque-extensible-droit\/","og_locale":"en_US","og_type":"article","og_title":"Fond de kiosque popup (droit) - AMP Digital Inc.","og_description":"2 format disponibles  Hauteur 7 pieds 5 pouces  Type de tissu utilis\u00e9 : Polyester 240g  Type d\u2019impression : Sublimation  Option d'avoir ou pas les c\u00f4t\u00e9s avec le tissu imprim\u00e9  Sac de transport inclus  Vous devez changer le visuel? Il est possible d\u2019acheter uniquement l\u2019impression!  Temps de production : 2 \u00e0 3 semaines  Design : vous pouvez ajouter votre design dans nos gabarit (voir plus bas) ou nos designer peuvent vous cr\u00e9er un design unique!","og_url":"https:\/\/ampdigital.ca\/en\/produit\/fond-de-kiosque-extensible-droit\/","og_site_name":"AMP Digital Inc.","article_modified_time":"2023-01-18T21:03:36+00:00","og_image":[{"width":495,"height":880,"url":"https:\/\/ampdigital.ca\/wp-content\/uploads\/2022\/05\/fond-de-kiosque-extensible-vue-de-cote.jpg","type":"image\/jpeg"}],"twitter_card":"summary_large_image","twitter_misc":{"Est. reading time":"1 minute"},"schema":{"@context":"https:\/\/schema.org","@graph":[{"@type":"WebPage","@id":"https:\/\/ampdigital.ca\/en\/produit\/fond-de-kiosque-extensible-droit\/","url":"https:\/\/ampdigital.ca\/en\/produit\/fond-de-kiosque-extensible-droit\/","name":"Fond de kiosque popup (droit) - AMP Digital Inc.","isPartOf":{"@id":"https:\/\/ampdigital.ca\/en\/#website"},"primaryImageOfPage":{"@id":"https:\/\/ampdigital.ca\/en\/produit\/fond-de-kiosque-extensible-droit\/#primaryimage"},"image":{"@id":"https:\/\/ampdigital.ca\/en\/produit\/fond-de-kiosque-extensible-droit\/#primaryimage"},"thumbnailUrl":"https:\/\/ampdigital.ca\/wp-content\/uploads\/2022\/05\/fond-de-kiosque-extensible-vue-de-cote.jpg","datePublished":"2022-05-06T14:11:12+00:00","dateModified":"2023-01-18T21:03:36+00:00","breadcrumb":{"@id":"https:\/\/ampdigital.ca\/en\/produit\/fond-de-kiosque-extensible-droit\/#breadcrumb"},"inLanguage":"en-US","potentialAction":[{"@type":"ReadAction","target":["https:\/\/ampdigital.ca\/en\/produit\/fond-de-kiosque-extensible-droit\/"]}]},{"@type":"ImageObject","inLanguage":"en-US","@id":"https:\/\/ampdigital.ca\/en\/produit\/fond-de-kiosque-extensible-droit\/#primaryimage","url":"https:\/\/ampdigital.ca\/wp-content\/uploads\/2022\/05\/fond-de-kiosque-extensible-vue-de-cote.jpg","contentUrl":"https:\/\/ampdigital.ca\/wp-content\/uploads\/2022\/05\/fond-de-kiosque-extensible-vue-de-cote.jpg","width":495,"height":880,"caption":"Fond de kiosque extensible vue de c\u00f4t\u00e9"},{"@type":"BreadcrumbList","@id":"https:\/\/ampdigital.ca\/en\/produit\/fond-de-kiosque-extensible-droit\/#breadcrumb","itemListElement":[{"@type":"ListItem","position":1,"name":"Home","item":"https:\/\/ampdigital.ca\/en\/"},{"@type":"ListItem","position":2,"name":"Boutique","item":"https:\/\/ampdigital.ca\/boutique\/"},{"@type":"ListItem","position":3,"name":"Fond de kiosque popup (droit)"}]},{"@type":"WebSite","@id":"https:\/\/ampdigital.ca\/en\/#website","url":"https:\/\/ampdigital.ca\/en\/","name":"AMP Digital Inc.","description":"Digital Agency","publisher":{"@id":"https:\/\/ampdigital.ca\/en\/#organization"},"potentialAction":[{"@type":"SearchAction","target":{"@type":"EntryPoint","urlTemplate":"https:\/\/ampdigital.ca\/en\/?s={search_term_string}"},"query-input":{"@type":"PropertyValueSpecification","valueRequired":true,"valueName":"search_term_string"}}],"inLanguage":"en-US"},{"@type":"Organization","@id":"https:\/\/ampdigital.ca\/en\/#organization","name":"AMP Digital Inc.","url":"https:\/\/ampdigital.ca\/en\/","logo":{"@type":"ImageObject","inLanguage":"en-US","@id":"https:\/\/ampdigital.ca\/en\/#\/schema\/logo\/image\/","url":"https:\/\/i1.wp.com\/ampdigital.ca\/wp-content\/uploads\/2020\/04\/ampdigital_outline-trans-small.png?fit=200%2C114&ssl=1","contentUrl":"https:\/\/i1.wp.com\/ampdigital.ca\/wp-content\/uploads\/2020\/04\/ampdigital_outline-trans-small.png?fit=200%2C114&ssl=1","width":200,"height":114,"caption":"AMP Digital Inc."},"image":{"@id":"https:\/\/ampdigital.ca\/en\/#\/schema\/logo\/image\/"}}]}},"_links":{"self":[{"href":"https:\/\/ampdigital.ca\/en\/wp-json\/wp\/v2\/product\/8711","targetHints":{"allow":["GET"]}}],"collection":[{"href":"https:\/\/ampdigital.ca\/en\/wp-json\/wp\/v2\/product"}],"about":[{"href":"https:\/\/ampdigital.ca\/en\/wp-json\/wp\/v2\/types\/product"}],"wp:featuredmedia":[{"embeddable":true,"href":"https:\/\/ampdigital.ca\/en\/wp-json\/wp\/v2\/media\/8716"}],"wp:attachment":[{"href":"https:\/\/ampdigital.ca\/en\/wp-json\/wp\/v2\/media?parent=8711"}],"wp:term":[{"taxonomy":"product_brand","embeddable":true,"href":"https:\/\/ampdigital.ca\/en\/wp-json\/wp\/v2\/product_brand?post=8711"},{"taxonomy":"product_cat","embeddable":true,"href":"https:\/\/ampdigital.ca\/en\/wp-json\/wp\/v2\/product_cat?post=8711"},{"taxonomy":"product_tag","embeddable":true,"href":"https:\/\/ampdigital.ca\/en\/wp-json\/wp\/v2\/product_tag?post=8711"}],"curies":[{"name":"wp","href":"https:\/\/api.w.org\/{rel}","templated":true}]}}